{"id":56768,"date":"2026-04-13T13:28:34","date_gmt":"2026-04-13T17:28:34","guid":{"rendered":"https:\/\/artisansduvitrail.com\/?post_type=product&#038;p=56768"},"modified":"2026-04-13T13:28:34","modified_gmt":"2026-04-13T17:28:34","slug":"fx-601-02","status":"publish","type":"product","link":"https:\/\/artisansduvitrail.com\/fr\/shop\/fx-601-02\/","title":{"rendered":"FX 601-02"},"content":{"rendered":"<p>Fer \u00e0 souder Hakko \u00e0 temp\u00e9rature ajustable. 67W.\u00a0 Int\u00e9rieur en c\u00e9ramique.<\/p>\n<p>Embout 3\/16&#8221;<\/p>\n","protected":false},"excerpt":{"rendered":"<p>Hakko Fer \u00e0 Souder<\/p>\n","protected":false},"featured_media":56763,"template":"","meta":[],"product_cat":[316,554],"product_tag":[],"acf":[],"_links":{"self":[{"href":"https:\/\/artisansduvitrail.com\/fr\/wp-json\/wp\/v2\/product\/56768"}],"collection":[{"href":"https:\/\/artisansduvitrail.com\/fr\/wp-json\/wp\/v2\/product"}],"about":[{"href":"https:\/\/artisansduvitrail.com\/fr\/wp-json\/wp\/v2\/types\/product"}],"wp:featuredmedia":[{"embeddable":true,"href":"https:\/\/artisansduvitrail.com\/fr\/wp-json\/wp\/v2\/media\/56763"}],"wp:attachment":[{"href":"https:\/\/artisansduvitrail.com\/fr\/wp-json\/wp\/v2\/media?parent=56768"}],"wp:term":[{"taxonomy":"product_cat","embeddable":true,"href":"https:\/\/artisansduvitrail.com\/fr\/wp-json\/wp\/v2\/product_cat?post=56768"},{"taxonomy":"product_tag","embeddable":true,"href":"https:\/\/artisansduvitrail.com\/fr\/wp-json\/wp\/v2\/product_tag?post=56768"}],"curies":[{"name":"wp","href":"https:\/\/api.w.org\/{rel}","templated":true}]}}