{"id":53147,"date":"2025-07-14T11:37:03","date_gmt":"2025-07-14T15:37:04","guid":{"rendered":"https:\/\/artisansduvitrail.com\/?post_type=product&#038;p=53147"},"modified":"2026-02-07T06:38:05","modified_gmt":"2026-02-07T11:38:05","slug":"20x-6x12-oceanside-96-glass-pack","status":"publish","type":"product","link":"https:\/\/artisansduvitrail.com\/fr\/shop\/20x-6x12-oceanside-96-glass-pack\/","title":{"rendered":"20x 6&#8221;x12&#8221; Oceanside 96 Glass Pack"},"content":{"rendered":"<pre class=\"tw-data-text tw-text-large tw-ta\" dir=\"ltr\" data-placeholder=\"Traduction\"><span class=\"Y2IQFc\" lang=\"fr\" style=\"font-family: georgia, palatino, serif;\">Super valeur!\r\n\r\nVous obtiendrez 20<strong> pi\u00e8ces diff\u00e9rentes de 6''x12''<\/strong> de verres fusion <strong>OCEANSIDE<\/strong> COE 96.\r\nChaque pack sera unique et comprendra une belle vari\u00e9t\u00e9 de couleurs.\r\n*la photo est pour donner une id\u00e9e, le contenu r\u00e9el varie*\r\n\r\nLes dimensions des pi\u00e8ces seront entre 5.5''x12 et 6''x12''\r\nLes pack sont envoy\u00e9 dans nos boites d'exp\u00e9dition standard.\r\n\r\n<\/span><\/pre>\n<p>*** il reste de la place dans la bo\u00eete pour rajouter des outils et mat\u00e9riels, sans frais de livraison suppl\u00e9mentaires!***<\/p>\n<pre id=\"tw-target-text\" class=\"tw-data-text tw-text-large tw-ta\" dir=\"ltr\" data-placeholder=\"Traduction\"><span class=\"Y2IQFc\" lang=\"fr\" style=\"font-family: georgia, palatino, serif;\">\u00a0<\/span><\/pre>\n","protected":false},"excerpt":{"rendered":"<p>20 morceaux de 6&#8221;x12&#8221;<\/p>\n","protected":false},"featured_media":51697,"template":"","meta":[],"product_cat":[1341,316,1256,257],"product_tag":[],"acf":[],"_links":{"self":[{"href":"https:\/\/artisansduvitrail.com\/fr\/wp-json\/wp\/v2\/product\/53147"}],"collection":[{"href":"https:\/\/artisansduvitrail.com\/fr\/wp-json\/wp\/v2\/product"}],"about":[{"href":"https:\/\/artisansduvitrail.com\/fr\/wp-json\/wp\/v2\/types\/product"}],"wp:featuredmedia":[{"embeddable":true,"href":"https:\/\/artisansduvitrail.com\/fr\/wp-json\/wp\/v2\/media\/51697"}],"wp:attachment":[{"href":"https:\/\/artisansduvitrail.com\/fr\/wp-json\/wp\/v2\/media?parent=53147"}],"wp:term":[{"taxonomy":"product_cat","embeddable":true,"href":"https:\/\/artisansduvitrail.com\/fr\/wp-json\/wp\/v2\/product_cat?post=53147"},{"taxonomy":"product_tag","embeddable":true,"href":"https:\/\/artisansduvitrail.com\/fr\/wp-json\/wp\/v2\/product_tag?post=53147"}],"curies":[{"name":"wp","href":"https:\/\/api.w.org\/{rel}","templated":true}]}}