{"id":53145,"date":"2025-07-14T11:37:00","date_gmt":"2025-07-14T15:37:01","guid":{"rendered":"https:\/\/artisansduvitrail.com\/?post_type=product&#038;p=53145"},"modified":"2026-02-07T07:09:51","modified_gmt":"2026-02-07T12:09:51","slug":"30-x-oceanside-96-glass-pack","status":"publish","type":"product","link":"https:\/\/artisansduvitrail.com\/fr\/shop\/30-x-oceanside-96-glass-pack\/","title":{"rendered":"30 x Oceanside 96 Glass Pack"},"content":{"rendered":"<pre class=\"tw-data-text tw-text-large tw-ta\" dir=\"ltr\" data-placeholder=\"Traduction\"><span class=\"Y2IQFc\" lang=\"fr\" style=\"font-family: georgia, palatino, serif;\">Super valeur!\r\n\r\nVous obtiendrez 30<strong> pi\u00e8ces diff\u00e9rentes de 1 pied carr\u00e9<\/strong> de verres <strong>OCEANSIDE<\/strong> fusion COE 96.\r\nChaque pack sera unique et comprendra une belle vari\u00e9t\u00e9 de couleurs.\r\n*la photo est pour donner une id\u00e9e, le contenu r\u00e9el varie*\r\nLes dimensions des pi\u00e8ces seront entre 11''x12'' et 12''x12'' \r\nLes pack sont envoy\u00e9 dans nos boites d'exp\u00e9dition standard.\r\n\r\n<\/span><\/pre>\n<p>*** il reste de la place dans la bo\u00eete pour rajouter des outils et mat\u00e9riels, sans frais de livraison suppl\u00e9mentaires!***<\/p>\n<pre id=\"tw-target-text\" class=\"tw-data-text tw-text-large tw-ta\" dir=\"ltr\" data-placeholder=\"Traduction\"><span class=\"Y2IQFc\" lang=\"fr\" style=\"font-family: georgia, palatino, serif;\">\u00a0<\/span><\/pre>\n","protected":false},"excerpt":{"rendered":"<p>30 morceaux de 1 pi2<\/p>\n","protected":false},"featured_media":51697,"template":"","meta":[],"product_cat":[1234,1341,1256,1055,257,343],"product_tag":[],"acf":[],"_links":{"self":[{"href":"https:\/\/artisansduvitrail.com\/fr\/wp-json\/wp\/v2\/product\/53145"}],"collection":[{"href":"https:\/\/artisansduvitrail.com\/fr\/wp-json\/wp\/v2\/product"}],"about":[{"href":"https:\/\/artisansduvitrail.com\/fr\/wp-json\/wp\/v2\/types\/product"}],"wp:featuredmedia":[{"embeddable":true,"href":"https:\/\/artisansduvitrail.com\/fr\/wp-json\/wp\/v2\/media\/51697"}],"wp:attachment":[{"href":"https:\/\/artisansduvitrail.com\/fr\/wp-json\/wp\/v2\/media?parent=53145"}],"wp:term":[{"taxonomy":"product_cat","embeddable":true,"href":"https:\/\/artisansduvitrail.com\/fr\/wp-json\/wp\/v2\/product_cat?post=53145"},{"taxonomy":"product_tag","embeddable":true,"href":"https:\/\/artisansduvitrail.com\/fr\/wp-json\/wp\/v2\/product_tag?post=53145"}],"curies":[{"name":"wp","href":"https:\/\/api.w.org\/{rel}","templated":true}]}}