{"id":50897,"date":"2025-02-04T15:25:36","date_gmt":"2025-02-04T20:25:37","guid":{"rendered":"https:\/\/artisansduvitrail.com\/?post_type=product&#038;p=50897"},"modified":"2025-03-02T07:54:15","modified_gmt":"2025-03-02T12:54:15","slug":"clip-a-veilleuse-suspendue","status":"publish","type":"product","link":"https:\/\/artisansduvitrail.com\/fr\/shop\/clip-a-veilleuse-suspendue\/","title":{"rendered":"Clip \u00e0 veilleuse suspendue"},"content":{"rendered":"<p>Attache \u00e0 veilleuse versatile.<\/p>\n<ul class=\"a-unordered-list a-vertical a-spacing-mini\">\n<li class=\"a-spacing-mini\"><span class=\"a-list-item\">Attache en plastique solide<\/span><\/li>\n<li class=\"a-spacing-mini\"><span class=\"a-list-item\">Changer votre pi\u00e8ce en fonction des saisons gr\u00e2ce au crochet. Une solution facile et id\u00e9ale!<\/span><\/li>\n<li class=\"a-spacing-mini\"><span class=\"a-list-item\">Parfait pour le vitrail et la fusion<\/span><\/li>\n<\/ul>\n","protected":false},"excerpt":{"rendered":"<p>LB 7013<\/p>\n","protected":false},"featured_media":50899,"template":"","meta":[],"product_cat":[312],"product_tag":[],"acf":[],"_links":{"self":[{"href":"https:\/\/artisansduvitrail.com\/fr\/wp-json\/wp\/v2\/product\/50897"}],"collection":[{"href":"https:\/\/artisansduvitrail.com\/fr\/wp-json\/wp\/v2\/product"}],"about":[{"href":"https:\/\/artisansduvitrail.com\/fr\/wp-json\/wp\/v2\/types\/product"}],"wp:featuredmedia":[{"embeddable":true,"href":"https:\/\/artisansduvitrail.com\/fr\/wp-json\/wp\/v2\/media\/50899"}],"wp:attachment":[{"href":"https:\/\/artisansduvitrail.com\/fr\/wp-json\/wp\/v2\/media?parent=50897"}],"wp:term":[{"taxonomy":"product_cat","embeddable":true,"href":"https:\/\/artisansduvitrail.com\/fr\/wp-json\/wp\/v2\/product_cat?post=50897"},{"taxonomy":"product_tag","embeddable":true,"href":"https:\/\/artisansduvitrail.com\/fr\/wp-json\/wp\/v2\/product_tag?post=50897"}],"curies":[{"name":"wp","href":"https:\/\/api.w.org\/{rel}","templated":true}]}}