{"id":49365,"date":"2024-11-14T14:27:18","date_gmt":"2024-11-14T19:27:21","guid":{"rendered":"https:\/\/artisansduvitrail.com\/?post_type=product&#038;p=49365"},"modified":"2025-09-24T10:57:32","modified_gmt":"2025-09-24T14:57:32","slug":"mf-6616","status":"publish","type":"product","link":"https:\/\/artisansduvitrail.com\/fr\/shop\/mf-6616\/","title":{"rendered":"MF 6616"},"content":{"rendered":"<p>16\u2033 diam. (406mm) . Pr\u00e9sentoire en fer solide. Fini noir. Id\u00e9al pour pr\u00e9senter vos pi\u00e8ces vitrail ou en fusion. \u00c9paisseur accept\u00e9 de votre projet jusqu\u2019\u00e0 3\/8\u201d (9.5mm)<\/p>\n","protected":false},"excerpt":{"rendered":"<p>Art Stand Rond Mission 16&#8221;<\/p>\n","protected":false},"featured_media":49358,"template":"","meta":[],"product_cat":[308,893,952],"product_tag":[],"acf":[],"_links":{"self":[{"href":"https:\/\/artisansduvitrail.com\/fr\/wp-json\/wp\/v2\/product\/49365"}],"collection":[{"href":"https:\/\/artisansduvitrail.com\/fr\/wp-json\/wp\/v2\/product"}],"about":[{"href":"https:\/\/artisansduvitrail.com\/fr\/wp-json\/wp\/v2\/types\/product"}],"wp:featuredmedia":[{"embeddable":true,"href":"https:\/\/artisansduvitrail.com\/fr\/wp-json\/wp\/v2\/media\/49358"}],"wp:attachment":[{"href":"https:\/\/artisansduvitrail.com\/fr\/wp-json\/wp\/v2\/media?parent=49365"}],"wp:term":[{"taxonomy":"product_cat","embeddable":true,"href":"https:\/\/artisansduvitrail.com\/fr\/wp-json\/wp\/v2\/product_cat?post=49365"},{"taxonomy":"product_tag","embeddable":true,"href":"https:\/\/artisansduvitrail.com\/fr\/wp-json\/wp\/v2\/product_tag?post=49365"}],"curies":[{"name":"wp","href":"https:\/\/api.w.org\/{rel}","templated":true}]}}