{"id":49020,"date":"2024-10-24T11:51:14","date_gmt":"2024-10-24T15:51:16","guid":{"rendered":"https:\/\/artisansduvitrail.com\/?post_type=product&#038;p=49020"},"modified":"2025-08-28T10:23:50","modified_gmt":"2025-08-28T14:23:50","slug":"ca-305","status":"publish","type":"product","link":"https:\/\/artisansduvitrail.com\/fr\/shop\/ca-305\/","title":{"rendered":"CA 305"},"content":{"rendered":"<p>Blanc\/ Clair Semi-Opaque<\/p>\n<p>Lumineux \u00e0 la lumi\u00e8re mais on ne voit pas \u00e0 travers.<\/p>\n<p>Parfait pour les lampes et les veilleuses.<\/p>\n","protected":false},"excerpt":{"rendered":"<p>Blanc\/ Clair Semi-Opaque<\/p>\n","protected":false},"featured_media":49024,"template":"","meta":[],"product_cat":[1037],"product_tag":[],"acf":[],"_links":{"self":[{"href":"https:\/\/artisansduvitrail.com\/fr\/wp-json\/wp\/v2\/product\/49020"}],"collection":[{"href":"https:\/\/artisansduvitrail.com\/fr\/wp-json\/wp\/v2\/product"}],"about":[{"href":"https:\/\/artisansduvitrail.com\/fr\/wp-json\/wp\/v2\/types\/product"}],"wp:featuredmedia":[{"embeddable":true,"href":"https:\/\/artisansduvitrail.com\/fr\/wp-json\/wp\/v2\/media\/49024"}],"wp:attachment":[{"href":"https:\/\/artisansduvitrail.com\/fr\/wp-json\/wp\/v2\/media?parent=49020"}],"wp:term":[{"taxonomy":"product_cat","embeddable":true,"href":"https:\/\/artisansduvitrail.com\/fr\/wp-json\/wp\/v2\/product_cat?post=49020"},{"taxonomy":"product_tag","embeddable":true,"href":"https:\/\/artisansduvitrail.com\/fr\/wp-json\/wp\/v2\/product_tag?post=49020"}],"curies":[{"name":"wp","href":"https:\/\/api.w.org\/{rel}","templated":true}]}}