{"id":46501,"date":"2024-03-12T12:42:13","date_gmt":"2024-03-12T16:42:13","guid":{"rendered":"https:\/\/artisansduvitrail.com\/?post_type=product&#038;p=46501"},"modified":"2025-05-20T12:57:51","modified_gmt":"2025-05-20T16:57:51","slug":"glass-pack-coe-96","status":"publish","type":"product","link":"https:\/\/artisansduvitrail.com\/fr\/shop\/glass-pack-coe-96\/","title":{"rendered":"-Glass Pack COE 96-"},"content":{"rendered":"<pre class=\"tw-data-text tw-text-large tw-ta\" dir=\"ltr\" data-placeholder=\"Traduction\"><span class=\"Y2IQFc\" lang=\"fr\" style=\"font-family: georgia, palatino, serif;\">Super valeur!\r\n\r\nVous obtiendrez 30<strong> pi\u00e8ces diff\u00e9rentes de 1 pied carr\u00e9<\/strong> de verres fusion COE 96.\r\nChaque pack sera unique et comprendra une belle vari\u00e9t\u00e9 de couleurs et de marques, principalement de Spectrum, Wissmach et ColorArt..\r\n*la photo est pour donner une id\u00e9e, le contenu r\u00e9el varie*\r\n\r\nLes dimensions des pi\u00e8ces seront entre 10''x14'', 12''x12'' ou 9''x15''.\r\nLes pack sont envoy\u00e9 dans nos boites d'exp\u00e9dition standard.\r\n\r\n<\/span><\/pre>\n<p>*** il reste de la place dans la bo\u00eete pour rajouter des outils et mat\u00e9riels, sans frais de livraison suppl\u00e9mentaires!***<\/p>\n<pre id=\"tw-target-text\" class=\"tw-data-text tw-text-large tw-ta\" dir=\"ltr\" data-placeholder=\"Traduction\"><span class=\"Y2IQFc\" lang=\"fr\" style=\"font-family: georgia, palatino, serif;\">\u00a0<\/span><\/pre>\n","protected":false},"excerpt":{"rendered":"<p>30 morceaux de 1 pi2<\/p>\n","protected":false},"featured_media":51697,"template":"","meta":[],"product_cat":[1234,1341,1256,1055,257,343],"product_tag":[],"acf":[],"_links":{"self":[{"href":"https:\/\/artisansduvitrail.com\/fr\/wp-json\/wp\/v2\/product\/46501"}],"collection":[{"href":"https:\/\/artisansduvitrail.com\/fr\/wp-json\/wp\/v2\/product"}],"about":[{"href":"https:\/\/artisansduvitrail.com\/fr\/wp-json\/wp\/v2\/types\/product"}],"wp:featuredmedia":[{"embeddable":true,"href":"https:\/\/artisansduvitrail.com\/fr\/wp-json\/wp\/v2\/media\/51697"}],"wp:attachment":[{"href":"https:\/\/artisansduvitrail.com\/fr\/wp-json\/wp\/v2\/media?parent=46501"}],"wp:term":[{"taxonomy":"product_cat","embeddable":true,"href":"https:\/\/artisansduvitrail.com\/fr\/wp-json\/wp\/v2\/product_cat?post=46501"},{"taxonomy":"product_tag","embeddable":true,"href":"https:\/\/artisansduvitrail.com\/fr\/wp-json\/wp\/v2\/product_tag?post=46501"}],"curies":[{"name":"wp","href":"https:\/\/api.w.org\/{rel}","templated":true}]}}