{"id":44903,"date":"2023-12-12T15:32:00","date_gmt":"2023-12-12T20:32:01","guid":{"rendered":"https:\/\/artisansduvitrail.com\/?post_type=product&#038;p=44903"},"modified":"2025-01-29T12:21:20","modified_gmt":"2025-01-29T17:21:20","slug":"ca-107","status":"publish","type":"product","link":"https:\/\/artisansduvitrail.com\/fr\/shop\/ca-107\/","title":{"rendered":"CA 107"},"content":{"rendered":"<p>Les verres ColorArt ont une belle surface lisse et brillante. Ils sont tr\u00e8s facile \u00e0 travailler. Ils n\u2019y a pas de disparit\u00e9 dans les couleurs; les photos refl\u00e8te tr\u00e8s bien ce que vous recevrez. Les couleurs opaques laisse passer une belle luminosit\u00e9.<\/p>\n","protected":false},"excerpt":{"rendered":"<p>Roses\/Clair\/Blanc Semi-Transparent<\/p>\n","protected":false},"featured_media":45149,"template":"","meta":[],"product_cat":[1037,1386],"product_tag":[1324,1325],"acf":[],"_links":{"self":[{"href":"https:\/\/artisansduvitrail.com\/fr\/wp-json\/wp\/v2\/product\/44903"}],"collection":[{"href":"https:\/\/artisansduvitrail.com\/fr\/wp-json\/wp\/v2\/product"}],"about":[{"href":"https:\/\/artisansduvitrail.com\/fr\/wp-json\/wp\/v2\/types\/product"}],"wp:featuredmedia":[{"embeddable":true,"href":"https:\/\/artisansduvitrail.com\/fr\/wp-json\/wp\/v2\/media\/45149"}],"wp:attachment":[{"href":"https:\/\/artisansduvitrail.com\/fr\/wp-json\/wp\/v2\/media?parent=44903"}],"wp:term":[{"taxonomy":"product_cat","embeddable":true,"href":"https:\/\/artisansduvitrail.com\/fr\/wp-json\/wp\/v2\/product_cat?post=44903"},{"taxonomy":"product_tag","embeddable":true,"href":"https:\/\/artisansduvitrail.com\/fr\/wp-json\/wp\/v2\/product_tag?post=44903"}],"curies":[{"name":"wp","href":"https:\/\/api.w.org\/{rel}","templated":true}]}}