{"id":42840,"date":"2023-08-07T14:48:32","date_gmt":"2023-08-07T18:50:43","guid":{"rendered":"https:\/\/artisansduvitrail.com\/?post_type=product&#038;p=42840"},"modified":"2026-04-02T15:00:20","modified_gmt":"2026-04-02T19:00:20","slug":"tigers-eye-gel-flux","status":"publish","type":"product","link":"https:\/\/artisansduvitrail.com\/fr\/shop\/tigers-eye-gel-flux\/","title":{"rendered":"Tigers Eye Gel Flux"},"content":{"rendered":"<p>Ce gel flux est fait pour toutes les applications de de vitrail: ruban de cuivre, zinc et baguette de plomb.<\/p>\n<p>Le Gel Flux Tigers Eye \u00e0 \u00e9t\u00e9 con\u00e7u pour \u00eatre simple et efficace.<\/p>\n<ul>\n<li>Sans odeur<\/li>\n<li>Sans fum\u00e9e<\/li>\n<li>Aucun p\u00e9tillement<\/li>\n<li>Se travaille facilement<\/li>\n<li>Sans d\u00e9g\u00e2t<\/li>\n<li>Facile \u00e0 nettoyer<\/li>\n<li>Produit un r\u00e9sultat lisse et brillant<\/li>\n<\/ul>\n<p>Pourquoi nous l&#8217;aimons particuli\u00e8rement? Contrairement aux autres flux, avec le Tigers Eye nous il n&#8217;y a r\u00e9ellement aucun p\u00e9tillement, et nous n&#8217;avons pas besoin de remettre plusieurs fois du flux pour travailler nos soudures. Une superbe d\u00e9couverte!!<\/p>\n<p>Fabriqu\u00e9 aux \u00c9tats-Unis<\/p>\n","protected":false},"excerpt":{"rendered":"<p>Notre choix No. 1!<\/p>\n","protected":false},"featured_media":42839,"template":"","meta":[],"product_cat":[316,310],"product_tag":[],"acf":[],"_links":{"self":[{"href":"https:\/\/artisansduvitrail.com\/fr\/wp-json\/wp\/v2\/product\/42840"}],"collection":[{"href":"https:\/\/artisansduvitrail.com\/fr\/wp-json\/wp\/v2\/product"}],"about":[{"href":"https:\/\/artisansduvitrail.com\/fr\/wp-json\/wp\/v2\/types\/product"}],"wp:featuredmedia":[{"embeddable":true,"href":"https:\/\/artisansduvitrail.com\/fr\/wp-json\/wp\/v2\/media\/42839"}],"wp:attachment":[{"href":"https:\/\/artisansduvitrail.com\/fr\/wp-json\/wp\/v2\/media?parent=42840"}],"wp:term":[{"taxonomy":"product_cat","embeddable":true,"href":"https:\/\/artisansduvitrail.com\/fr\/wp-json\/wp\/v2\/product_cat?post=42840"},{"taxonomy":"product_tag","embeddable":true,"href":"https:\/\/artisansduvitrail.com\/fr\/wp-json\/wp\/v2\/product_tag?post=42840"}],"curies":[{"name":"wp","href":"https:\/\/api.w.org\/{rel}","templated":true}]}}