{"id":42232,"date":"2023-05-03T13:44:22","date_gmt":"2023-05-03T17:44:24","guid":{"rendered":"https:\/\/artisansduvitrail.com\/?post_type=product&#038;p=42232"},"modified":"2025-12-09T11:04:07","modified_gmt":"2025-12-09T16:04:07","slug":"ca-349","status":"publish","type":"product","link":"https:\/\/artisansduvitrail.com\/fr\/shop\/ca-349\/","title":{"rendered":"CA 349"},"content":{"rendered":"<p>La couleur change d\u00e9pendamment de l&#8217;intensit\u00e9 de la lumi\u00e8re. Sans lumi\u00e8re le verre est mauve fonc\u00e9 et change au mauve fuchsia lorsqu&#8217;illumin\u00e9. Plus il y a de lumi\u00e8re, plus la couleur est vibrante.<\/p>\n","protected":false},"excerpt":{"rendered":"<p>Mauve\/Fuchsia, Blanc Semi-Transparent<\/p>\n","protected":false},"featured_media":42255,"template":"","meta":[],"product_cat":[1442,1386,1037],"product_tag":[1324,1325],"acf":[],"_links":{"self":[{"href":"https:\/\/artisansduvitrail.com\/fr\/wp-json\/wp\/v2\/product\/42232"}],"collection":[{"href":"https:\/\/artisansduvitrail.com\/fr\/wp-json\/wp\/v2\/product"}],"about":[{"href":"https:\/\/artisansduvitrail.com\/fr\/wp-json\/wp\/v2\/types\/product"}],"wp:featuredmedia":[{"embeddable":true,"href":"https:\/\/artisansduvitrail.com\/fr\/wp-json\/wp\/v2\/media\/42255"}],"wp:attachment":[{"href":"https:\/\/artisansduvitrail.com\/fr\/wp-json\/wp\/v2\/media?parent=42232"}],"wp:term":[{"taxonomy":"product_cat","embeddable":true,"href":"https:\/\/artisansduvitrail.com\/fr\/wp-json\/wp\/v2\/product_cat?post=42232"},{"taxonomy":"product_tag","embeddable":true,"href":"https:\/\/artisansduvitrail.com\/fr\/wp-json\/wp\/v2\/product_tag?post=42232"}],"curies":[{"name":"wp","href":"https:\/\/api.w.org\/{rel}","templated":true}]}}