{"id":40829,"date":"2023-03-30T20:42:47","date_gmt":"2023-03-31T00:42:49","guid":{"rendered":"https:\/\/artisansduvitrail.com\/?post_type=product&#038;p=40829"},"modified":"2025-07-07T14:19:33","modified_gmt":"2025-07-07T18:19:33","slug":"ca-291f","status":"publish","type":"product","link":"https:\/\/artisansduvitrail.com\/fr\/shop\/ca-291f\/","title":{"rendered":"CA 291F"},"content":{"rendered":"<p>Peau Opaque COE 96<\/p>\n<p>*stricker: avant la cuisson, le verre est de couleur peau plus pale et il tourne \u00e0 la couleur peau illustr\u00e9 \u00e0 la cuisson.<\/p>\n","protected":false},"excerpt":{"rendered":"<p>Peau Opaque COE 96<\/p>\n","protected":false},"featured_media":42300,"template":"","meta":[],"product_cat":[1234],"product_tag":[],"acf":[],"_links":{"self":[{"href":"https:\/\/artisansduvitrail.com\/fr\/wp-json\/wp\/v2\/product\/40829"}],"collection":[{"href":"https:\/\/artisansduvitrail.com\/fr\/wp-json\/wp\/v2\/product"}],"about":[{"href":"https:\/\/artisansduvitrail.com\/fr\/wp-json\/wp\/v2\/types\/product"}],"wp:featuredmedia":[{"embeddable":true,"href":"https:\/\/artisansduvitrail.com\/fr\/wp-json\/wp\/v2\/media\/42300"}],"wp:attachment":[{"href":"https:\/\/artisansduvitrail.com\/fr\/wp-json\/wp\/v2\/media?parent=40829"}],"wp:term":[{"taxonomy":"product_cat","embeddable":true,"href":"https:\/\/artisansduvitrail.com\/fr\/wp-json\/wp\/v2\/product_cat?post=40829"},{"taxonomy":"product_tag","embeddable":true,"href":"https:\/\/artisansduvitrail.com\/fr\/wp-json\/wp\/v2\/product_tag?post=40829"}],"curies":[{"name":"wp","href":"https:\/\/api.w.org\/{rel}","templated":true}]}}