{"id":39612,"date":"2023-02-05T10:23:50","date_gmt":"2023-02-05T15:23:54","guid":{"rendered":"https:\/\/artisansduvitrail.com\/?post_type=product&#038;p=39612"},"modified":"2023-02-05T11:09:31","modified_gmt":"2023-02-05T16:09:31","slug":"support-pilier-copy","status":"publish","type":"product","link":"https:\/\/artisansduvitrail.com\/fr\/shop\/support-pilier-copy\/","title":{"rendered":"POST 622"},"content":{"rendered":"<p>On l&#8217;utilise pour positionner les tablettes pour avoir la hauteur d\u00e9sir\u00e9.<\/p>\n<p>Peut \u00eatre utiliser pour moulage aussi.<\/p>\n","protected":false},"excerpt":{"rendered":"<p>On l&#8217;utilise pour positionner les tablettes pour avoir la hauteur d\u00e9sir\u00e9. Peut \u00eatre utiliser pour moulage aussi.<\/p>\n","protected":false},"featured_media":39619,"template":"","meta":[],"product_cat":[265,892,893],"product_tag":[],"acf":[],"_links":{"self":[{"href":"https:\/\/artisansduvitrail.com\/fr\/wp-json\/wp\/v2\/product\/39612"}],"collection":[{"href":"https:\/\/artisansduvitrail.com\/fr\/wp-json\/wp\/v2\/product"}],"about":[{"href":"https:\/\/artisansduvitrail.com\/fr\/wp-json\/wp\/v2\/types\/product"}],"wp:featuredmedia":[{"embeddable":true,"href":"https:\/\/artisansduvitrail.com\/fr\/wp-json\/wp\/v2\/media\/39619"}],"wp:attachment":[{"href":"https:\/\/artisansduvitrail.com\/fr\/wp-json\/wp\/v2\/media?parent=39612"}],"wp:term":[{"taxonomy":"product_cat","embeddable":true,"href":"https:\/\/artisansduvitrail.com\/fr\/wp-json\/wp\/v2\/product_cat?post=39612"},{"taxonomy":"product_tag","embeddable":true,"href":"https:\/\/artisansduvitrail.com\/fr\/wp-json\/wp\/v2\/product_tag?post=39612"}],"curies":[{"name":"wp","href":"https:\/\/api.w.org\/{rel}","templated":true}]}}