{"id":38957,"date":"2022-12-06T14:41:31","date_gmt":"2022-12-06T19:41:31","guid":{"rendered":"https:\/\/artisansduvitrail.com\/shop\/decalque-tiffany\/"},"modified":"2023-10-02T12:41:58","modified_gmt":"2023-10-02T16:41:58","slug":"decalque-tiffany","status":"publish","type":"product","link":"https:\/\/artisansduvitrail.com\/fr\/shop\/decalque-tiffany\/","title":{"rendered":"D\u00e9calque Tiffany"},"content":{"rendered":"<p>D\u00e9calque Tiffany Autocollant<\/p>\n<p>5 diff\u00e9rents mod\u00e8les disponibles<\/p>\n","protected":false},"excerpt":{"rendered":"<p>D\u00e9calque Tiffany Autocollant 5 diff\u00e9rents mod\u00e8les disponibles<\/p>\n","protected":false},"featured_media":38952,"template":"","meta":[],"product_cat":[352],"product_tag":[],"acf":[],"_links":{"self":[{"href":"https:\/\/artisansduvitrail.com\/fr\/wp-json\/wp\/v2\/product\/38957"}],"collection":[{"href":"https:\/\/artisansduvitrail.com\/fr\/wp-json\/wp\/v2\/product"}],"about":[{"href":"https:\/\/artisansduvitrail.com\/fr\/wp-json\/wp\/v2\/types\/product"}],"wp:featuredmedia":[{"embeddable":true,"href":"https:\/\/artisansduvitrail.com\/fr\/wp-json\/wp\/v2\/media\/38952"}],"wp:attachment":[{"href":"https:\/\/artisansduvitrail.com\/fr\/wp-json\/wp\/v2\/media?parent=38957"}],"wp:term":[{"taxonomy":"product_cat","embeddable":true,"href":"https:\/\/artisansduvitrail.com\/fr\/wp-json\/wp\/v2\/product_cat?post=38957"},{"taxonomy":"product_tag","embeddable":true,"href":"https:\/\/artisansduvitrail.com\/fr\/wp-json\/wp\/v2\/product_tag?post=38957"}],"curies":[{"name":"wp","href":"https:\/\/api.w.org\/{rel}","templated":true}]}}