{"id":38761,"date":"2022-11-26T09:46:28","date_gmt":"2022-11-26T14:46:29","guid":{"rendered":"https:\/\/artisansduvitrail.com\/?post_type=product&#038;p=38761"},"modified":"2026-02-12T13:06:51","modified_gmt":"2026-02-12T18:06:51","slug":"ca-726","status":"publish","type":"product","link":"https:\/\/artisansduvitrail.com\/fr\/shop\/ca-726\/","title":{"rendered":"CA 726"},"content":{"rendered":"<p>Les verres ColorArt ont une belle surface lisse et brillante. Ils sont tr\u00e8s facile \u00e0 travailler. Ils n\u2019y a pas de disparit\u00e9 dans les couleurs; les photos refl\u00e8te tr\u00e8s bien ce que vous recevrez. Les couleurs opaques laisse passer une belle luminosit\u00e9.<\/p>\n","protected":false},"excerpt":{"rendered":"<p>Vert Lime, Blanc Opaque<\/p>\n","protected":false},"featured_media":42018,"template":"","meta":[],"product_cat":[1037,352],"product_tag":[],"acf":[],"_links":{"self":[{"href":"https:\/\/artisansduvitrail.com\/fr\/wp-json\/wp\/v2\/product\/38761"}],"collection":[{"href":"https:\/\/artisansduvitrail.com\/fr\/wp-json\/wp\/v2\/product"}],"about":[{"href":"https:\/\/artisansduvitrail.com\/fr\/wp-json\/wp\/v2\/types\/product"}],"wp:featuredmedia":[{"embeddable":true,"href":"https:\/\/artisansduvitrail.com\/fr\/wp-json\/wp\/v2\/media\/42018"}],"wp:attachment":[{"href":"https:\/\/artisansduvitrail.com\/fr\/wp-json\/wp\/v2\/media?parent=38761"}],"wp:term":[{"taxonomy":"product_cat","embeddable":true,"href":"https:\/\/artisansduvitrail.com\/fr\/wp-json\/wp\/v2\/product_cat?post=38761"},{"taxonomy":"product_tag","embeddable":true,"href":"https:\/\/artisansduvitrail.com\/fr\/wp-json\/wp\/v2\/product_tag?post=38761"}],"curies":[{"name":"wp","href":"https:\/\/api.w.org\/{rel}","templated":true}]}}