{"id":38303,"date":"2022-11-01T14:09:26","date_gmt":"2022-11-01T18:09:26","guid":{"rendered":"https:\/\/artisansduvitrail.com\/shop\/glass-pack\/"},"modified":"2026-02-18T16:05:04","modified_gmt":"2026-02-18T21:05:04","slug":"glass-pack","status":"publish","type":"product","link":"https:\/\/artisansduvitrail.com\/fr\/shop\/glass-pack\/","title":{"rendered":"-Glass Pack-"},"content":{"rendered":"<pre class=\"tw-data-text tw-text-large tw-ta\" dir=\"ltr\" data-placeholder=\"Traduction\"><span class=\"Y2IQFc\" lang=\"fr\" style=\"font-family: georgia, palatino, serif;\">Super valeur!\r\n\r\nVous obtiendrez 30<strong> pi\u00e8ces diff\u00e9rentes de 1 pied carr\u00e9<\/strong> de verres non fusion.\r\nChaque pack sera unique et comprendra une belle vari\u00e9t\u00e9 de couleurs et de marques, principalement de Spectrum, Wissmach, Bullseye, Uroboros Vintage, Kokomo et ColorArt.\r\n*la photo est pour donner une id\u00e9e, le contenu r\u00e9el varie*\r\nLes dimensions des pi\u00e8ces seront entre 10''x11.5'', 10''x12'', 10''x14'', 12''x12'', 11''x12'' ou 9''x15''.\r\nLes pack sont envoy\u00e9 dans nos boites d'exp\u00e9dition standard.\r\n\r\n<\/span><\/pre>\n<p>*** il reste de la place dans la bo\u00eete pour des outils ou du\u00a0 mat\u00e9riels, sans de frais de livraison suppl\u00e9mentaires!***<\/p>\n<pre id=\"tw-target-text\" class=\"tw-data-text tw-text-large tw-ta\" dir=\"ltr\" data-placeholder=\"Traduction\"><span class=\"Y2IQFc\" lang=\"fr\" style=\"font-family: georgia, palatino, serif;\">\u00a0<\/span><\/pre>\n","protected":false},"excerpt":{"rendered":"<p>Super valeur! Vous obtiendrez 30 pi\u00e8ces diff\u00e9rentes de 1 pied carr\u00e9 de verres non fusion. Chaque pack sera unique et comprendra une belle vari\u00e9t\u00e9 de couleurs et de marques, principalement de Spectrum, Wissmach, Bullseye, Uroboros Vintage, Kokomo et ColorArt. *la photo est pour donner une id\u00e9e, le contenu r\u00e9el varie* Les dimensions des pi\u00e8ces seront &hellip;<\/p>\n","protected":false},"featured_media":38302,"template":"","meta":[],"product_cat":[1341,316,352,1055],"product_tag":[],"acf":[],"_links":{"self":[{"href":"https:\/\/artisansduvitrail.com\/fr\/wp-json\/wp\/v2\/product\/38303"}],"collection":[{"href":"https:\/\/artisansduvitrail.com\/fr\/wp-json\/wp\/v2\/product"}],"about":[{"href":"https:\/\/artisansduvitrail.com\/fr\/wp-json\/wp\/v2\/types\/product"}],"wp:featuredmedia":[{"embeddable":true,"href":"https:\/\/artisansduvitrail.com\/fr\/wp-json\/wp\/v2\/media\/38302"}],"wp:attachment":[{"href":"https:\/\/artisansduvitrail.com\/fr\/wp-json\/wp\/v2\/media?parent=38303"}],"wp:term":[{"taxonomy":"product_cat","embeddable":true,"href":"https:\/\/artisansduvitrail.com\/fr\/wp-json\/wp\/v2\/product_cat?post=38303"},{"taxonomy":"product_tag","embeddable":true,"href":"https:\/\/artisansduvitrail.com\/fr\/wp-json\/wp\/v2\/product_tag?post=38303"}],"curies":[{"name":"wp","href":"https:\/\/api.w.org\/{rel}","templated":true}]}}