{"id":37395,"date":"2022-08-25T13:53:49","date_gmt":"2022-08-25T17:53:49","guid":{"rendered":"https:\/\/artisansduvitrail.com\/shop\/four-fuseworks\/"},"modified":"2023-03-16T22:37:47","modified_gmt":"2023-03-17T02:37:47","slug":"fw-999","status":"publish","type":"product","link":"https:\/\/artisansduvitrail.com\/fr\/shop\/fw-999\/","title":{"rendered":"FW 999"},"content":{"rendered":"<p>Commencer \u00e0 faire de la fusion de verre n&#8217;aura jamais \u00e9t\u00e9 aussi facile. Ce four vous permet de compl\u00e9ter un fusion en 15minutes! Vous pouveaz faire de la Fusion, du Thermoformage et de la Peinture sur verre. \u00a0La boite comprend : Le four, le support et les instructions.\u00a0 La chambre mesure:\u00a0 8.5\u201d diametre x 3 \u00bd\u201d de haut.\u00a0 Ce four se branche dans une prise de courant standard de\u00a0 \u00a0 \u00a0 \u00a0 \u00a0 \u00a0 \u00a0 \u00a0 \u00a0 \u00a0 \u00a0 120 Volts \/ 10AMP \/ 1200 Watts \/ 10 OHM<\/p>\n<p>&nbsp;<\/p>\n","protected":false},"excerpt":{"rendered":"<p>Four 8.5&#8221; Fusework Kiln<\/p>\n","protected":false},"featured_media":37393,"template":"","meta":[],"product_cat":[266],"product_tag":[],"acf":[],"_links":{"self":[{"href":"https:\/\/artisansduvitrail.com\/fr\/wp-json\/wp\/v2\/product\/37395"}],"collection":[{"href":"https:\/\/artisansduvitrail.com\/fr\/wp-json\/wp\/v2\/product"}],"about":[{"href":"https:\/\/artisansduvitrail.com\/fr\/wp-json\/wp\/v2\/types\/product"}],"wp:featuredmedia":[{"embeddable":true,"href":"https:\/\/artisansduvitrail.com\/fr\/wp-json\/wp\/v2\/media\/37393"}],"wp:attachment":[{"href":"https:\/\/artisansduvitrail.com\/fr\/wp-json\/wp\/v2\/media?parent=37395"}],"wp:term":[{"taxonomy":"product_cat","embeddable":true,"href":"https:\/\/artisansduvitrail.com\/fr\/wp-json\/wp\/v2\/product_cat?post=37395"},{"taxonomy":"product_tag","embeddable":true,"href":"https:\/\/artisansduvitrail.com\/fr\/wp-json\/wp\/v2\/product_tag?post=37395"}],"curies":[{"name":"wp","href":"https:\/\/api.w.org\/{rel}","templated":true}]}}