{"id":37235,"date":"2022-08-03T22:13:35","date_gmt":"2022-08-04T02:13:35","guid":{"rendered":"https:\/\/artisansduvitrail.com\/?post_type=product&#038;p=37235"},"modified":"2025-11-09T20:15:40","modified_gmt":"2025-11-10T01:15:40","slug":"fw-749","status":"publish","type":"product","link":"https:\/\/artisansduvitrail.com\/fr\/shop\/fw-749\/","title":{"rendered":"FW 749"},"content":{"rendered":"<p>Ensemble pour Bille de Verre.<\/p>\n<p>Inclus: Lunette tl 10, Pad \u00e0 r\u00e9curer, Kl K1 Laine r\u00e9fractaire, fw 708 plaques texturer(2), fw 701 allumeur, fw 724 Brosse, 10 rodes de verre, fw 704 attache bouteille, fw 731-4 s\u00e9parateur, fw 703 mandrins, fw 706 Palette en Graphite \u00e0 rouler, fw 722 Palette en Graphite sur Chalumeau , fw 725 Palette de Graphite 2 x 3, instruction.<\/p>\n<p>&nbsp;<\/p>\n<p>&nbsp;<\/p>\n<p>&nbsp;<\/p>\n<p>&nbsp;<\/p>\n","protected":false},"excerpt":{"rendered":"<p>Ensemble complet pour Bille de Verre<\/p>\n","protected":false},"featured_media":23129,"template":"","meta":[],"product_cat":[270],"product_tag":[],"acf":[],"_links":{"self":[{"href":"https:\/\/artisansduvitrail.com\/fr\/wp-json\/wp\/v2\/product\/37235"}],"collection":[{"href":"https:\/\/artisansduvitrail.com\/fr\/wp-json\/wp\/v2\/product"}],"about":[{"href":"https:\/\/artisansduvitrail.com\/fr\/wp-json\/wp\/v2\/types\/product"}],"wp:featuredmedia":[{"embeddable":true,"href":"https:\/\/artisansduvitrail.com\/fr\/wp-json\/wp\/v2\/media\/23129"}],"wp:attachment":[{"href":"https:\/\/artisansduvitrail.com\/fr\/wp-json\/wp\/v2\/media?parent=37235"}],"wp:term":[{"taxonomy":"product_cat","embeddable":true,"href":"https:\/\/artisansduvitrail.com\/fr\/wp-json\/wp\/v2\/product_cat?post=37235"},{"taxonomy":"product_tag","embeddable":true,"href":"https:\/\/artisansduvitrail.com\/fr\/wp-json\/wp\/v2\/product_tag?post=37235"}],"curies":[{"name":"wp","href":"https:\/\/api.w.org\/{rel}","templated":true}]}}