{"id":36602,"date":"2022-05-31T21:50:05","date_gmt":"2022-06-01T01:50:06","guid":{"rendered":"https:\/\/artisansduvitrail.com\/?post_type=product&#038;p=36602"},"modified":"2026-04-02T16:08:03","modified_gmt":"2026-04-02T20:08:03","slug":"ca-693","status":"publish","type":"product","link":"https:\/\/artisansduvitrail.com\/fr\/shop\/ca-693\/","title":{"rendered":"CA 693"},"content":{"rendered":"<p>Les verres ColorArt ont une belle surface lisse et brillante. Ils sont tr\u00e8s facile \u00e0 travailler. Ils n\u2019y a pas de disparit\u00e9 dans les couleurs; les photos refl\u00e8te tr\u00e8s bien ce que vous recevrez. Les couleurs opaques laisse passer une belle luminosit\u00e9.<\/p>\n","protected":false},"excerpt":{"rendered":"<p>Bleu P\u00e2le\/Rose\/Blanc Opaque<\/p>\n","protected":false},"featured_media":36604,"template":"","meta":[],"product_cat":[1435,1386,1037],"product_tag":[1324,1325],"acf":[],"_links":{"self":[{"href":"https:\/\/artisansduvitrail.com\/fr\/wp-json\/wp\/v2\/product\/36602"}],"collection":[{"href":"https:\/\/artisansduvitrail.com\/fr\/wp-json\/wp\/v2\/product"}],"about":[{"href":"https:\/\/artisansduvitrail.com\/fr\/wp-json\/wp\/v2\/types\/product"}],"wp:featuredmedia":[{"embeddable":true,"href":"https:\/\/artisansduvitrail.com\/fr\/wp-json\/wp\/v2\/media\/36604"}],"wp:attachment":[{"href":"https:\/\/artisansduvitrail.com\/fr\/wp-json\/wp\/v2\/media?parent=36602"}],"wp:term":[{"taxonomy":"product_cat","embeddable":true,"href":"https:\/\/artisansduvitrail.com\/fr\/wp-json\/wp\/v2\/product_cat?post=36602"},{"taxonomy":"product_tag","embeddable":true,"href":"https:\/\/artisansduvitrail.com\/fr\/wp-json\/wp\/v2\/product_tag?post=36602"}],"curies":[{"name":"wp","href":"https:\/\/api.w.org\/{rel}","templated":true}]}}