{"id":36598,"date":"2022-05-31T21:47:30","date_gmt":"2022-06-01T01:47:31","guid":{"rendered":"https:\/\/artisansduvitrail.com\/?post_type=product&#038;p=36598"},"modified":"2026-02-11T22:00:44","modified_gmt":"2026-02-12T03:00:44","slug":"ca-6093","status":"publish","type":"product","link":"https:\/\/artisansduvitrail.com\/fr\/shop\/ca-6093\/","title":{"rendered":"CA 6093"},"content":{"rendered":"<p>Les verres ColorArt ont une belle surface lisse et brillante. Ils sont tr\u00e8s facile \u00e0 travailler. Ils n\u2019y a pas de disparit\u00e9 dans les couleurs; les photos refl\u00e8te tr\u00e8s bien ce que vous recevrez. Les couleurs opaques laisse passer une belle luminosit\u00e9.<\/p>\n","protected":false},"excerpt":{"rendered":"<p>Mauve\/Bleu\/Rose\/Blanc Opaque<\/p>\n","protected":false},"featured_media":36600,"template":"","meta":[],"product_cat":[1386,1037],"product_tag":[1324,1325],"acf":[],"_links":{"self":[{"href":"https:\/\/artisansduvitrail.com\/fr\/wp-json\/wp\/v2\/product\/36598"}],"collection":[{"href":"https:\/\/artisansduvitrail.com\/fr\/wp-json\/wp\/v2\/product"}],"about":[{"href":"https:\/\/artisansduvitrail.com\/fr\/wp-json\/wp\/v2\/types\/product"}],"wp:featuredmedia":[{"embeddable":true,"href":"https:\/\/artisansduvitrail.com\/fr\/wp-json\/wp\/v2\/media\/36600"}],"wp:attachment":[{"href":"https:\/\/artisansduvitrail.com\/fr\/wp-json\/wp\/v2\/media?parent=36598"}],"wp:term":[{"taxonomy":"product_cat","embeddable":true,"href":"https:\/\/artisansduvitrail.com\/fr\/wp-json\/wp\/v2\/product_cat?post=36598"},{"taxonomy":"product_tag","embeddable":true,"href":"https:\/\/artisansduvitrail.com\/fr\/wp-json\/wp\/v2\/product_tag?post=36598"}],"curies":[{"name":"wp","href":"https:\/\/api.w.org\/{rel}","templated":true}]}}