{"id":36550,"date":"2022-05-31T20:39:18","date_gmt":"2022-06-01T00:39:19","guid":{"rendered":"https:\/\/artisansduvitrail.com\/?post_type=product&#038;p=36550"},"modified":"2022-10-05T13:49:55","modified_gmt":"2022-10-05T17:49:55","slug":"ca-3123","status":"publish","type":"product","link":"https:\/\/artisansduvitrail.com\/fr\/shop\/ca-3123\/","title":{"rendered":"CA 3123"},"content":{"rendered":"<p>Les verres ColorArt ont une belle surface lisse et brillante. Ils sont tr\u00e8s facile \u00e0 travailler. Ils n\u2019y a pas de disparit\u00e9 dans les couleurs; les photos refl\u00e8te tr\u00e8s bien ce que vous recevrez. Les couleurs opaques laisse passer une belle luminosit\u00e9.<\/p>\n","protected":false},"excerpt":{"rendered":"<p>Orange\/Ambre\/Vert Semi-Transparent<\/p>\n","protected":false},"featured_media":37869,"template":"","meta":[],"product_cat":[1037],"product_tag":[],"acf":[],"_links":{"self":[{"href":"https:\/\/artisansduvitrail.com\/fr\/wp-json\/wp\/v2\/product\/36550"}],"collection":[{"href":"https:\/\/artisansduvitrail.com\/fr\/wp-json\/wp\/v2\/product"}],"about":[{"href":"https:\/\/artisansduvitrail.com\/fr\/wp-json\/wp\/v2\/types\/product"}],"wp:featuredmedia":[{"embeddable":true,"href":"https:\/\/artisansduvitrail.com\/fr\/wp-json\/wp\/v2\/media\/37869"}],"wp:attachment":[{"href":"https:\/\/artisansduvitrail.com\/fr\/wp-json\/wp\/v2\/media?parent=36550"}],"wp:term":[{"taxonomy":"product_cat","embeddable":true,"href":"https:\/\/artisansduvitrail.com\/fr\/wp-json\/wp\/v2\/product_cat?post=36550"},{"taxonomy":"product_tag","embeddable":true,"href":"https:\/\/artisansduvitrail.com\/fr\/wp-json\/wp\/v2\/product_tag?post=36550"}],"curies":[{"name":"wp","href":"https:\/\/api.w.org\/{rel}","templated":true}]}}