{"id":29103,"date":"2019-12-18T11:49:59","date_gmt":"2019-12-18T16:49:59","guid":{"rendered":"https:\/\/artisansduvitrail.com\/shop\/carte-cadeau\/"},"modified":"2022-12-19T21:40:11","modified_gmt":"2022-12-20T02:40:11","slug":"carte-cadeau","status":"publish","type":"product","link":"https:\/\/artisansduvitrail.com\/fr\/shop\/carte-cadeau\/","title":{"rendered":"Carte Cadeau"},"content":{"rendered":"<p>Vous recevrez votre Carte Cadeau par courriel.<\/p>\n<p>Lorsque la personne voudra utiliser sa carte cadeau,\u00a0 elle devra nous fournir le num\u00e9ro de serie que nous vous fournirons avec l&#8217;achat de la carte.<\/p>\n<p>\u00c9crivez nous le nom et le num\u00e9ro de t\u00e9l\u00e9phone de la personne qui recevra la carte cadeau. Vous pouvez l&#8217;inscrire dans la section NOTE lorsque vous passez votre commande.<\/p>\n","protected":false},"excerpt":{"rendered":"<p>Vous recevrez votre Carte Cadeau par courriel. Lorsque la personne voudra utiliser sa carte cadeau,\u00a0 elle devra nous fournir le num\u00e9ro de serie que nous vous fournirons avec l&#8217;achat de la carte. \u00c9crivez nous le nom et le num\u00e9ro de t\u00e9l\u00e9phone de la personne qui recevra la carte cadeau. Vous pouvez l&#8217;inscrire dans la section &hellip;<\/p>\n","protected":false},"featured_media":29108,"template":"","meta":[],"product_cat":[1030],"product_tag":[],"acf":[],"_links":{"self":[{"href":"https:\/\/artisansduvitrail.com\/fr\/wp-json\/wp\/v2\/product\/29103"}],"collection":[{"href":"https:\/\/artisansduvitrail.com\/fr\/wp-json\/wp\/v2\/product"}],"about":[{"href":"https:\/\/artisansduvitrail.com\/fr\/wp-json\/wp\/v2\/types\/product"}],"wp:featuredmedia":[{"embeddable":true,"href":"https:\/\/artisansduvitrail.com\/fr\/wp-json\/wp\/v2\/media\/29108"}],"wp:attachment":[{"href":"https:\/\/artisansduvitrail.com\/fr\/wp-json\/wp\/v2\/media?parent=29103"}],"wp:term":[{"taxonomy":"product_cat","embeddable":true,"href":"https:\/\/artisansduvitrail.com\/fr\/wp-json\/wp\/v2\/product_cat?post=29103"},{"taxonomy":"product_tag","embeddable":true,"href":"https:\/\/artisansduvitrail.com\/fr\/wp-json\/wp\/v2\/product_tag?post=29103"}],"curies":[{"name":"wp","href":"https:\/\/api.w.org\/{rel}","templated":true}]}}