{"id":21431,"date":"2018-10-16T09:00:56","date_gmt":"2017-11-30T19:46:57","guid":{"rendered":"https:\/\/artisansduvitrail.com\/?post_type=product&#038;p=21431"},"modified":"2026-02-05T14:21:09","modified_gmt":"2026-02-05T19:21:09","slug":"tiffany-lamp","status":"publish","type":"product","link":"https:\/\/artisansduvitrail.com\/fr\/shop\/tiffany-lamp\/","title":{"rendered":"Tiffany"},"content":{"rendered":"<div>\n<table style=\"width: 100%; height: 416px;\">\n<tbody>\n<tr style=\"height: 72px;\">\n<td style=\"width: 30.3977%; height: 72px;\"><strong>Description:<\/strong><\/td>\n<td class=\"texte\" style=\"width: 67.3295%; height: 72px;\">Ce cours consiste \u00e0 faire l&#8217;assemblage de plusieurs petits morceaux de verres sur une forme en mousse de votre choix, parmi les mod\u00e8les authentiques de Louis Tiffany.<\/td>\n<\/tr>\n<tr style=\"height: 144px;\">\n<td style=\"width: 30.3977%; height: 144px;\"><strong>Date :<\/strong><\/td>\n<td class=\"texte\" style=\"width: 67.3295%; height: 144px;\">1er cours: 1 avril, 12h \u00e0 15h<\/p>\n<p>Les autres cours seront d\u00e9termin\u00e9s avec l&#8217;\u00e9tudiant. Il y a un intervalle de minimum 2-3 semaines entre les cours pour vous laissez le temps d&#8217;avancer le projet \u00e0 la maison.<\/td>\n<\/tr>\n<tr style=\"height: 24px;\">\n<td style=\"width: 30.3977%; height: 24px;\"><strong>Dur\u00e9e :<\/strong><\/td>\n<td class=\"texte\" style=\"width: 67.3295%; height: 24px;\">3-4 semaines d\u00e9pendamment de votre projet<\/td>\n<\/tr>\n<tr style=\"height: 24px;\">\n<td style=\"width: 30.3977%; height: 24px;\"><\/td>\n<td class=\"texte\" style=\"width: 67.3295%; height: 24px;\"><\/td>\n<\/tr>\n<tr style=\"height: 24px;\">\n<td style=\"width: 30.3977%; height: 24px;\"><strong>Prix :<\/strong><\/td>\n<td class=\"texte\" style=\"width: 67.3295%; height: 24px;\">125.00$<\/td>\n<\/tr>\n<tr style=\"height: 104px;\">\n<td style=\"width: 30.3977%; height: 104px;\"><strong>Mat\u00e9riel n\u00e9cessaire :<\/strong><\/td>\n<td class=\"texte\" style=\"width: 67.3295%; height: 104px;\">\n<table>\n<tbody>\n<tr>\n<td class=\"texte\">Patron, moule, \u00e9pingle courte \u00e0 t\u00eate r\u00e9guli\u00e8re, d\u00e9 \u00e0 coudre, ciseau, crayon, enveloppe ou sac ziploc. Nous n&#8217;avons pas besoin de votre verres pour le premier cours.<\/td>\n<\/tr>\n<\/tbody>\n<\/table>\n<\/td>\n<\/tr>\n<tr style=\"height: 24px;\">\n<td style=\"width: 30.3977%; height: 24px;\"><strong>Endroit :<\/strong><\/td>\n<td class=\"texte\" style=\"width: 67.3295%; height: 24px;\">1017 3e Avenue Quebec<\/td>\n<\/tr>\n<\/tbody>\n<\/table>\n<p>&nbsp;<\/p>\n<\/div>\n<div>Pour plus de d\u00e9tails nous contacter par courriel au:\u00a0<span id=\"cloak10584\"><a href=\"mailto:info@artisansduvitrail.com\">info@artisansduvitrail.com<\/a><\/span><\/div>\n<div><\/div>\n","protected":false},"excerpt":{"rendered":"<p>Tiffany<\/p>\n","protected":false},"featured_media":21765,"template":"","meta":[],"product_cat":[150],"product_tag":[],"acf":[],"_links":{"self":[{"href":"https:\/\/artisansduvitrail.com\/fr\/wp-json\/wp\/v2\/product\/21431"}],"collection":[{"href":"https:\/\/artisansduvitrail.com\/fr\/wp-json\/wp\/v2\/product"}],"about":[{"href":"https:\/\/artisansduvitrail.com\/fr\/wp-json\/wp\/v2\/types\/product"}],"wp:featuredmedia":[{"embeddable":true,"href":"https:\/\/artisansduvitrail.com\/fr\/wp-json\/wp\/v2\/media\/21765"}],"wp:attachment":[{"href":"https:\/\/artisansduvitrail.com\/fr\/wp-json\/wp\/v2\/media?parent=21431"}],"wp:term":[{"taxonomy":"product_cat","embeddable":true,"href":"https:\/\/artisansduvitrail.com\/fr\/wp-json\/wp\/v2\/product_cat?post=21431"},{"taxonomy":"product_tag","embeddable":true,"href":"https:\/\/artisansduvitrail.com\/fr\/wp-json\/wp\/v2\/product_tag?post=21431"}],"curies":[{"name":"wp","href":"https:\/\/api.w.org\/{rel}","templated":true}]}}