{"id":21429,"date":"2017-11-30T14:43:51","date_gmt":"2017-11-30T19:43:52","guid":{"rendered":"https:\/\/artisansduvitrail.com\/?post_type=product&#038;p=21429"},"modified":"2026-02-05T14:19:25","modified_gmt":"2026-02-05T19:19:25","slug":"baguette-de-plomb","status":"publish","type":"product","link":"https:\/\/artisansduvitrail.com\/fr\/shop\/baguette-de-plomb\/","title":{"rendered":"Baguette"},"content":{"rendered":"<div>\n<p>Dur\u00e9e 4 semaines. <strong>* Le 1er cours commence 1h plut\u00f4t *<\/strong><\/p>\n<p>Vous devez apporter: coupe verre, crayon, pince \u00e0 gruger, fer \u00e0 souder, flux, pinceau, soudure 50\/50. Vous devez choisir vos verres et vous procurer l&#8217;outillage n\u00e9cessaire pour le travail de la baguette de plomb AVANT LE D\u00c9BUT DU COURS. Les outils n\u00e9cessaires vous co\u00fbterons environ 85.00$.<\/p>\n<p>Voici la liste de mat\u00e9riel \u00e0 se procurer:<\/p>\n<p>Diff\u00e9rents verres transparents pour votre projet (3), \u00a0baguette de plomb, ciment et poudre auto nettoyante,\u00a0\u00e9pissoir, clous de fer \u00e0 cheval et marteau pour vitrail, coupe plomb, brosse \u00e0 ciment (2)<\/p>\n<p>Si vous demeurer trop loin pour venir choisir votre mat\u00e9riel, nous pouvons vous pr\u00e9parer tout ce que vous aurez besoin pour cette journ\u00e9e, il vous suffit de nous aviser quelques jours avant le d\u00e9but du cours.<\/p>\n<\/div>\n<p>Ou? 1017 3e avenue, Qu\u00e9bec, G1L 2X3<\/p>\n<div><\/div>\n","protected":false},"excerpt":{"rendered":"<p>Baguette de Plomb<\/p>\n","protected":false},"featured_media":21771,"template":"","meta":[],"product_cat":[150],"product_tag":[],"acf":[],"_links":{"self":[{"href":"https:\/\/artisansduvitrail.com\/fr\/wp-json\/wp\/v2\/product\/21429"}],"collection":[{"href":"https:\/\/artisansduvitrail.com\/fr\/wp-json\/wp\/v2\/product"}],"about":[{"href":"https:\/\/artisansduvitrail.com\/fr\/wp-json\/wp\/v2\/types\/product"}],"wp:featuredmedia":[{"embeddable":true,"href":"https:\/\/artisansduvitrail.com\/fr\/wp-json\/wp\/v2\/media\/21771"}],"wp:attachment":[{"href":"https:\/\/artisansduvitrail.com\/fr\/wp-json\/wp\/v2\/media?parent=21429"}],"wp:term":[{"taxonomy":"product_cat","embeddable":true,"href":"https:\/\/artisansduvitrail.com\/fr\/wp-json\/wp\/v2\/product_cat?post=21429"},{"taxonomy":"product_tag","embeddable":true,"href":"https:\/\/artisansduvitrail.com\/fr\/wp-json\/wp\/v2\/product_tag?post=21429"}],"curies":[{"name":"wp","href":"https:\/\/api.w.org\/{rel}","templated":true}]}}