{"id":21424,"date":"2018-03-30T10:00:28","date_gmt":"2017-11-30T19:31:29","guid":{"rendered":"https:\/\/artisansduvitrail.com\/?post_type=product&#038;p=21424"},"modified":"2026-01-27T13:09:03","modified_gmt":"2026-01-27T18:09:03","slug":"soudure-et-soudure-decorative","status":"publish","type":"product","link":"https:\/\/artisansduvitrail.com\/fr\/shop\/soudure-et-soudure-decorative\/","title":{"rendered":"Soudure"},"content":{"rendered":"<div>\n<table style=\"height: 305px; width: 100%;\">\n<tbody>\n<tr style=\"height: 119px;\">\n<td style=\"height: 119px; width: 30.4843%;\"><strong>Description:<\/strong><\/td>\n<td class=\"texte\" style=\"height: 119px; width: 67.2365%;\">Vous travaillerez le perfectionnement de vos soudures, et apprendrez plusieurs techniques de soudure d\u00e9corative. Vous apprendrez \u00e0 \u00e9liminer les bosses et les imperfections de vos soudures.<\/td>\n<\/tr>\n<tr style=\"height: 23px;\">\n<td style=\"height: 23px; width: 30.4843%;\"><strong>Date :<\/strong><\/td>\n<td class=\"texte\" style=\"height: 23px; width: 67.2365%;\"><strong>Samedi le 14 mars<\/strong><\/td>\n<\/tr>\n<tr style=\"height: 23px;\">\n<td style=\"height: 23px; width: 30.4843%;\"><strong>Dur\u00e9e :<\/strong><\/td>\n<td class=\"texte\" style=\"height: 23px; width: 67.2365%;\">5hres<\/td>\n<\/tr>\n<tr style=\"height: 23px;\">\n<td style=\"height: 23px; width: 30.4843%;\"><strong>Heure :<\/strong><\/td>\n<td class=\"texte\" style=\"height: 23px; width: 67.2365%;\">10h00 \u00e0 15h00<\/td>\n<\/tr>\n<tr style=\"height: 23px;\">\n<td style=\"height: 23px; width: 30.4843%;\"><strong>Prix :<\/strong><\/td>\n<td class=\"texte\" style=\"height: 23px; width: 67.2365%;\">125.00$<\/td>\n<\/tr>\n<tr style=\"height: 71px;\">\n<td style=\"height: 71px; width: 30.4843%;\"><strong>Mat\u00e9riel n\u00e9cessaire :<\/strong><\/td>\n<td class=\"texte\" style=\"height: 71px; width: 67.2365%;\">Vous devez apporter un ou plusieurs projets termin\u00e9s que vous d\u00e9sirez perfectionner ou qui sont pr\u00eat pour la soudure.\u00a0 Apportez tout pour faire vos soudures: fer \u00e0 souder, soudure flux, pinceau etc..<\/td>\n<\/tr>\n<tr style=\"height: 23px;\">\n<td style=\"height: 23px; width: 30.4843%;\"><strong>Endroit :<\/strong><\/td>\n<td class=\"texte\" style=\"height: 23px; width: 67.2365%;\">1017 3e Avenue Qu\u00e9bec<\/td>\n<\/tr>\n<\/tbody>\n<\/table>\n<p>Pour plus de d\u00e9tails nous contacter par courriel au: <span id=\"cloak10584\"><a href=\"mailto:info@artisansduvitrail.com\">info@artisansduvitrail.com<\/a><\/span><\/p>\n<\/div>\n<div><\/div>\n","protected":false},"excerpt":{"rendered":"<p>Perfectionnement\/soudure d\u00e9corative<\/p>\n","protected":false},"featured_media":21763,"template":"","meta":[],"product_cat":[150],"product_tag":[],"acf":[],"_links":{"self":[{"href":"https:\/\/artisansduvitrail.com\/fr\/wp-json\/wp\/v2\/product\/21424"}],"collection":[{"href":"https:\/\/artisansduvitrail.com\/fr\/wp-json\/wp\/v2\/product"}],"about":[{"href":"https:\/\/artisansduvitrail.com\/fr\/wp-json\/wp\/v2\/types\/product"}],"wp:featuredmedia":[{"embeddable":true,"href":"https:\/\/artisansduvitrail.com\/fr\/wp-json\/wp\/v2\/media\/21763"}],"wp:attachment":[{"href":"https:\/\/artisansduvitrail.com\/fr\/wp-json\/wp\/v2\/media?parent=21424"}],"wp:term":[{"taxonomy":"product_cat","embeddable":true,"href":"https:\/\/artisansduvitrail.com\/fr\/wp-json\/wp\/v2\/product_cat?post=21424"},{"taxonomy":"product_tag","embeddable":true,"href":"https:\/\/artisansduvitrail.com\/fr\/wp-json\/wp\/v2\/product_tag?post=21424"}],"curies":[{"name":"wp","href":"https:\/\/api.w.org\/{rel}","templated":true}]}}