{"id":21422,"date":"2017-11-30T14:26:24","date_gmt":"2017-11-30T19:26:25","guid":{"rendered":"https:\/\/artisansduvitrail.com\/?post_type=product&#038;p=21422"},"modified":"2026-02-20T11:08:26","modified_gmt":"2026-02-20T16:08:26","slug":"intermediaire-avance","status":"publish","type":"product","link":"https:\/\/artisansduvitrail.com\/fr\/shop\/intermediaire-avance\/","title":{"rendered":"Vitrail 2"},"content":{"rendered":"<div>Dur\u00e9e de 6 semaines.<\/div>\n<div><\/div>\n<div>Vous pourrez travailler sur une lampe \u00e0 panneaux, ou un projet de votre choix 2D ou 3D. Vous devez apportez tout votre mat\u00e9riel au cours. Vous devez \u00e9galement avoir d\u00e9j\u00e0 choisi votre projet et avoir tout vos verres d&#8217;achet\u00e9s pr\u00e9alablement au cours. La professeur saura vous assister et vous donner de pr\u00e9cieux conseils pour r\u00e9ussir tout vos projets.<\/div>\n<div><\/div>\n<div>O\u00f9? 1017 3e avenue, Qu\u00e9bec<\/div>\n<div><\/div>\n<div><\/div>\n","protected":false},"excerpt":{"rendered":"<p>10 mars: 19h \u00e0 21h<\/p>\n","protected":false},"featured_media":43974,"template":"","meta":[],"product_cat":[150],"product_tag":[],"acf":[],"_links":{"self":[{"href":"https:\/\/artisansduvitrail.com\/fr\/wp-json\/wp\/v2\/product\/21422"}],"collection":[{"href":"https:\/\/artisansduvitrail.com\/fr\/wp-json\/wp\/v2\/product"}],"about":[{"href":"https:\/\/artisansduvitrail.com\/fr\/wp-json\/wp\/v2\/types\/product"}],"wp:featuredmedia":[{"embeddable":true,"href":"https:\/\/artisansduvitrail.com\/fr\/wp-json\/wp\/v2\/media\/43974"}],"wp:attachment":[{"href":"https:\/\/artisansduvitrail.com\/fr\/wp-json\/wp\/v2\/media?parent=21422"}],"wp:term":[{"taxonomy":"product_cat","embeddable":true,"href":"https:\/\/artisansduvitrail.com\/fr\/wp-json\/wp\/v2\/product_cat?post=21422"},{"taxonomy":"product_tag","embeddable":true,"href":"https:\/\/artisansduvitrail.com\/fr\/wp-json\/wp\/v2\/product_tag?post=21422"}],"curies":[{"name":"wp","href":"https:\/\/api.w.org\/{rel}","templated":true}]}}