{"id":21382,"date":"2017-11-28T13:17:46","date_gmt":"2017-11-28T18:17:46","guid":{"rendered":"https:\/\/artisansduvitrail.com\/shop\/an-25\/"},"modified":"2021-11-20T09:12:50","modified_gmt":"2021-11-20T14:12:50","slug":"anneaux-a-verre-a-vin","status":"publish","type":"product","link":"https:\/\/artisansduvitrail.com\/fr\/shop\/anneaux-a-verre-a-vin\/","title":{"rendered":"Anneaux \u00e0 Verre \u00e0 Vin"},"content":{"rendered":"<p>Tr\u00e8s beaux anneaux \u00e0 Verre \u00e0 Vin 20mm., plaqu\u00e9 Argent. Juste \u00e0 coller un petit morceau de verre d\u00e9coratif sur une b\u00e9li\u00e8re et voil\u00e0.<\/p>\n<p><a href=\"https:\/\/artisansduvitrail.com\/fr\/categorie-produit\/bijoux-accessories\/pendantif\/\">https:\/\/artisansduvitrail.com\/fr\/categorie-produit\/jewellery-accessories\/pendant\/<\/a><\/p>\n<p>&nbsp;<\/p>\n","protected":false},"excerpt":{"rendered":"<p>Tr\u00e8s beaux anneaux \u00e0 Verre \u00e0 Vin 20mm., plaqu\u00e9 Argent. Juste \u00e0 coller un petit morceau de verre d\u00e9coratif sur une b\u00e9li\u00e8re et voil\u00e0. https:\/\/artisansduvitrail.com\/fr\/categorie-produit\/jewellery-accessories\/pendant\/ &nbsp;<\/p>\n","protected":false},"featured_media":21298,"template":"","meta":[],"product_cat":[954],"product_tag":[],"acf":[],"_links":{"self":[{"href":"https:\/\/artisansduvitrail.com\/fr\/wp-json\/wp\/v2\/product\/21382"}],"collection":[{"href":"https:\/\/artisansduvitrail.com\/fr\/wp-json\/wp\/v2\/product"}],"about":[{"href":"https:\/\/artisansduvitrail.com\/fr\/wp-json\/wp\/v2\/types\/product"}],"wp:featuredmedia":[{"embeddable":true,"href":"https:\/\/artisansduvitrail.com\/fr\/wp-json\/wp\/v2\/media\/21298"}],"wp:attachment":[{"href":"https:\/\/artisansduvitrail.com\/fr\/wp-json\/wp\/v2\/media?parent=21382"}],"wp:term":[{"taxonomy":"product_cat","embeddable":true,"href":"https:\/\/artisansduvitrail.com\/fr\/wp-json\/wp\/v2\/product_cat?post=21382"},{"taxonomy":"product_tag","embeddable":true,"href":"https:\/\/artisansduvitrail.com\/fr\/wp-json\/wp\/v2\/product_tag?post=21382"}],"curies":[{"name":"wp","href":"https:\/\/api.w.org\/{rel}","templated":true}]}}