{"id":21126,"date":"2017-08-25T17:43:58","date_gmt":"2017-08-25T17:43:58","guid":{"rendered":"https:\/\/artisansduvitrail.com\/shop\/fus-rig32-fr"},"modified":"2023-02-05T09:57:06","modified_gmt":"2023-02-05T14:57:06","slug":"rigidizer","status":"publish","type":"product","link":"https:\/\/artisansduvitrail.com\/fr\/shop\/rigidizer\/","title":{"rendered":"Rigidizer"},"content":{"rendered":"<p>Durciseur pour fibre. Vous pourrez faire vos moules avec la fibre ou la laine r\u00e9fractaire. Trempez votre fibre avec le durcisseur et laisser s\u00e9cher avant de faire votre cuisson sans verre sur votre fibre pour la premi\u00e8re fois afin de tout bruler les residues. Une fois cuite la fibre deviendra tr\u00e8s rigide et vous pourrez l&#8217;utiliser plusieurs fois.<\/p>\n","protected":false},"excerpt":{"rendered":"<p><\/p>\n","protected":false},"featured_media":7650,"template":"","meta":[],"product_cat":[892,893,328],"product_tag":[],"acf":[],"_links":{"self":[{"href":"https:\/\/artisansduvitrail.com\/fr\/wp-json\/wp\/v2\/product\/21126"}],"collection":[{"href":"https:\/\/artisansduvitrail.com\/fr\/wp-json\/wp\/v2\/product"}],"about":[{"href":"https:\/\/artisansduvitrail.com\/fr\/wp-json\/wp\/v2\/types\/product"}],"wp:featuredmedia":[{"embeddable":true,"href":"https:\/\/artisansduvitrail.com\/fr\/wp-json\/wp\/v2\/media\/7650"}],"wp:attachment":[{"href":"https:\/\/artisansduvitrail.com\/fr\/wp-json\/wp\/v2\/media?parent=21126"}],"wp:term":[{"taxonomy":"product_cat","embeddable":true,"href":"https:\/\/artisansduvitrail.com\/fr\/wp-json\/wp\/v2\/product_cat?post=21126"},{"taxonomy":"product_tag","embeddable":true,"href":"https:\/\/artisansduvitrail.com\/fr\/wp-json\/wp\/v2\/product_tag?post=21126"}],"curies":[{"name":"wp","href":"https:\/\/api.w.org\/{rel}","templated":true}]}}