{"id":20914,"date":"2017-08-25T17:43:58","date_gmt":"2017-08-25T17:43:58","guid":{"rendered":"https:\/\/artisansduvitrail.com\/shop\/music-instruments-fr"},"modified":"2017-08-26T13:15:38","modified_gmt":"2017-08-26T17:15:38","slug":"music-instruments","status":"publish","type":"product","link":"https:\/\/artisansduvitrail.com\/fr\/shop\/music-instruments\/","title":{"rendered":"Instruments de musique"},"content":{"rendered":"<p>Magnifique instrument de musique en plomb facile \u00e0 souder. Peut \u00eatre utiliser pour diff\u00e9rentes applications tel que veilleuse, lampe \u00e9ventail, mobile etc&#8230;<\/p>\n<p>\u00a0<\/p>\n<p>Cor: <a href=\"index.php\/fr\/boutique-en-ligne\/liste-de-produits\/WC%208301-311-detail\"><span style=\"text-decoration: underline;\">WC 8301-311<\/span><\/a><\/p>\n<p>Mandoline: <a href=\"index.php\/fr\/boutique-en-ligne\/liste-de-produits\/WC%208301-313-detail\"><span style=\"text-decoration: underline;\">WC 8301-313<\/span><\/a><\/p>\n<p>Sax: <a href=\"index.php\/fr\/boutique-en-ligne\/liste-de-produits\/WC%208301-316-detail\"><span style=\"text-decoration: underline;\">WC 8301-316<\/span><\/a><\/p>\n<p>Clarinette: <a href=\"index.php\/fr\/boutique-en-ligne\/liste-de-produits\/WC%208301-318-detail\"><span style=\"text-decoration: underline;\">WC 8301-318<\/span><\/a><\/p>\n<p>Harpe: <a href=\"index.php\/fr\/boutique-en-ligne\/liste-de-produits\/WC%208301-320-detail\"><span style=\"text-decoration: underline;\">WC 8301-320<\/span><\/a><\/p>\n","protected":false},"excerpt":{"rendered":"<p>Magnifique instrument de musique en plomb facile \u00e0 souder. Peut \u00eatre utiliser pour diff\u00e9rentes applications tel que veilleuse, lampe \u00e9ventail, mobile etc&#8230;<\/p>\n","protected":false},"featured_media":7596,"template":"","meta":[],"product_cat":[297],"product_tag":[],"acf":[],"_links":{"self":[{"href":"https:\/\/artisansduvitrail.com\/fr\/wp-json\/wp\/v2\/product\/20914"}],"collection":[{"href":"https:\/\/artisansduvitrail.com\/fr\/wp-json\/wp\/v2\/product"}],"about":[{"href":"https:\/\/artisansduvitrail.com\/fr\/wp-json\/wp\/v2\/types\/product"}],"wp:featuredmedia":[{"embeddable":true,"href":"https:\/\/artisansduvitrail.com\/fr\/wp-json\/wp\/v2\/media\/7596"}],"wp:attachment":[{"href":"https:\/\/artisansduvitrail.com\/fr\/wp-json\/wp\/v2\/media?parent=20914"}],"wp:term":[{"taxonomy":"product_cat","embeddable":true,"href":"https:\/\/artisansduvitrail.com\/fr\/wp-json\/wp\/v2\/product_cat?post=20914"},{"taxonomy":"product_tag","embeddable":true,"href":"https:\/\/artisansduvitrail.com\/fr\/wp-json\/wp\/v2\/product_tag?post=20914"}],"curies":[{"name":"wp","href":"https:\/\/api.w.org\/{rel}","templated":true}]}}