{"id":20288,"date":"2017-08-25T17:43:58","date_gmt":"2017-08-25T17:43:58","guid":{"rendered":"https:\/\/artisansduvitrail.com\/shop\/ja-04-fr"},"modified":"2024-07-18T07:47:40","modified_gmt":"2024-07-18T11:47:40","slug":"epingle-a-cheveux","status":"publish","type":"product","link":"https:\/\/artisansduvitrail.com\/fr\/shop\/epingle-a-cheveux\/","title":{"rendered":"\u00c9pingle \u00e0 cheveux"},"content":{"rendered":"<p>\u00c9pingle \u00e0 cheveux Argent 55mm.&amp; pad 10mm.<\/p>\n<p>JA 04<\/p>\n","protected":false},"excerpt":{"rendered":"<p>Epingle \u00e0 cheveux<\/p>\n<p>JA 04<\/p>\n","protected":false},"featured_media":8568,"template":"","meta":[],"product_cat":[1256,352,958],"product_tag":[],"acf":[],"_links":{"self":[{"href":"https:\/\/artisansduvitrail.com\/fr\/wp-json\/wp\/v2\/product\/20288"}],"collection":[{"href":"https:\/\/artisansduvitrail.com\/fr\/wp-json\/wp\/v2\/product"}],"about":[{"href":"https:\/\/artisansduvitrail.com\/fr\/wp-json\/wp\/v2\/types\/product"}],"wp:featuredmedia":[{"embeddable":true,"href":"https:\/\/artisansduvitrail.com\/fr\/wp-json\/wp\/v2\/media\/8568"}],"wp:attachment":[{"href":"https:\/\/artisansduvitrail.com\/fr\/wp-json\/wp\/v2\/media?parent=20288"}],"wp:term":[{"taxonomy":"product_cat","embeddable":true,"href":"https:\/\/artisansduvitrail.com\/fr\/wp-json\/wp\/v2\/product_cat?post=20288"},{"taxonomy":"product_tag","embeddable":true,"href":"https:\/\/artisansduvitrail.com\/fr\/wp-json\/wp\/v2\/product_tag?post=20288"}],"curies":[{"name":"wp","href":"https:\/\/api.w.org\/{rel}","templated":true}]}}