{"id":19504,"date":"2017-08-25T17:43:58","date_gmt":"2017-08-25T17:43:58","guid":{"rendered":"https:\/\/artisansduvitrail.com\/shop\/cf-25-fr"},"modified":"2025-09-09T12:39:51","modified_gmt":"2025-09-09T16:39:51","slug":"cf-25","status":"publish","type":"product","link":"https:\/\/artisansduvitrail.com\/fr\/shop\/cf-25\/","title":{"rendered":"Bande de renforcement"},"content":{"rendered":"<p>Pour renforcir le plomb et le ruban de cuivre<\/p>\n<ul>\n<li>La bande est plac\u00e9e dans la baguette de plomb avant d&#8217;ins\u00e9rer le verre et laiss\u00e9e en place tout au long de l&#8217;assemblage.<\/li>\n<li>En utilisant la bande de renforcement, le vitrail sera tr\u00e8s rigide et beaucoup plus solide.<\/li>\n<li>La bande de renforcement est aussi utilis\u00e9e entre les morceaux de verre pr\u00e9alablement enrob\u00e9s de ruan de cuivre ce qui rendra le vitrail beaucoup plus solide.<\/li>\n<li>Plus vous metterez de bandes, plus le vitrail sera solide.<\/li>\n<\/ul>\n","protected":false},"excerpt":{"rendered":"<p>Bande de renforcement Cascades Metals<\/p>\n","protected":false},"featured_media":11974,"template":"","meta":[],"product_cat":[1006,311],"product_tag":[],"acf":[],"_links":{"self":[{"href":"https:\/\/artisansduvitrail.com\/fr\/wp-json\/wp\/v2\/product\/19504"}],"collection":[{"href":"https:\/\/artisansduvitrail.com\/fr\/wp-json\/wp\/v2\/product"}],"about":[{"href":"https:\/\/artisansduvitrail.com\/fr\/wp-json\/wp\/v2\/types\/product"}],"wp:featuredmedia":[{"embeddable":true,"href":"https:\/\/artisansduvitrail.com\/fr\/wp-json\/wp\/v2\/media\/11974"}],"wp:attachment":[{"href":"https:\/\/artisansduvitrail.com\/fr\/wp-json\/wp\/v2\/media?parent=19504"}],"wp:term":[{"taxonomy":"product_cat","embeddable":true,"href":"https:\/\/artisansduvitrail.com\/fr\/wp-json\/wp\/v2\/product_cat?post=19504"},{"taxonomy":"product_tag","embeddable":true,"href":"https:\/\/artisansduvitrail.com\/fr\/wp-json\/wp\/v2\/product_tag?post=19504"}],"curies":[{"name":"wp","href":"https:\/\/api.w.org\/{rel}","templated":true}]}}