{"id":18174,"date":"2017-08-25T17:43:58","date_gmt":"2017-08-25T17:43:58","guid":{"rendered":"https:\/\/artisansduvitrail.com\/shop\/W18-P-fr"},"modified":"2024-03-18T08:04:26","modified_gmt":"2024-03-18T12:04:26","slug":"w18-p","status":"publish","type":"product","link":"https:\/\/artisansduvitrail.com\/fr\/shop\/w18-p\/","title":{"rendered":"W18-P"},"content":{"rendered":"<p>USAG\u00c9 1\/5 Wisteria 18 \u00a8<\/p>\n<p>Nous l&#8217;avons utilis\u00e9 pour une lampe<\/p>\n<p>mais peut-\u00eatre r\u00e9-utliser sans probl\u00e8me.<\/p>\n","protected":false},"excerpt":{"rendered":"<p>USAG\u00c9 1\/5 Wisteria 18 \u00a8<\/p>\n","protected":false},"featured_media":9498,"template":"","meta":[],"product_cat":[494],"product_tag":[],"acf":[],"_links":{"self":[{"href":"https:\/\/artisansduvitrail.com\/fr\/wp-json\/wp\/v2\/product\/18174"}],"collection":[{"href":"https:\/\/artisansduvitrail.com\/fr\/wp-json\/wp\/v2\/product"}],"about":[{"href":"https:\/\/artisansduvitrail.com\/fr\/wp-json\/wp\/v2\/types\/product"}],"wp:featuredmedia":[{"embeddable":true,"href":"https:\/\/artisansduvitrail.com\/fr\/wp-json\/wp\/v2\/media\/9498"}],"wp:attachment":[{"href":"https:\/\/artisansduvitrail.com\/fr\/wp-json\/wp\/v2\/media?parent=18174"}],"wp:term":[{"taxonomy":"product_cat","embeddable":true,"href":"https:\/\/artisansduvitrail.com\/fr\/wp-json\/wp\/v2\/product_cat?post=18174"},{"taxonomy":"product_tag","embeddable":true,"href":"https:\/\/artisansduvitrail.com\/fr\/wp-json\/wp\/v2\/product_tag?post=18174"}],"curies":[{"name":"wp","href":"https:\/\/api.w.org\/{rel}","templated":true}]}}