{"id":18038,"date":"2017-08-25T17:43:58","date_gmt":"2017-08-25T17:43:58","guid":{"rendered":"https:\/\/artisansduvitrail.com\/shop\/bb-156-fr"},"modified":"2023-10-02T12:41:49","modified_gmt":"2023-10-02T16:41:49","slug":"bb-156","status":"publish","type":"product","link":"https:\/\/artisansduvitrail.com\/fr\/shop\/bb-156\/","title":{"rendered":"BB 156"},"content":{"rendered":"<p>Bail Bond Clair No Day 2 ft.<\/p>\n<p>Vous pouvez coller plusieurs pi\u00e8ces \u00e0 la fois en les d\u00e9posant dans une plaque au four.<\/p>\n<p>Laissez les refroidir et vos p\u00e8ces sont pr\u00eates et tr\u00e8s solide.<\/p>\n","protected":false},"excerpt":{"rendered":"<p>Bail Bond Clair No Day 2 ft.<\/p>\n","protected":false},"featured_media":6046,"template":"","meta":[],"product_cat":[1256,352,958,956,336,335,337,334,548,310],"product_tag":[],"acf":[],"_links":{"self":[{"href":"https:\/\/artisansduvitrail.com\/fr\/wp-json\/wp\/v2\/product\/18038"}],"collection":[{"href":"https:\/\/artisansduvitrail.com\/fr\/wp-json\/wp\/v2\/product"}],"about":[{"href":"https:\/\/artisansduvitrail.com\/fr\/wp-json\/wp\/v2\/types\/product"}],"wp:featuredmedia":[{"embeddable":true,"href":"https:\/\/artisansduvitrail.com\/fr\/wp-json\/wp\/v2\/media\/6046"}],"wp:attachment":[{"href":"https:\/\/artisansduvitrail.com\/fr\/wp-json\/wp\/v2\/media?parent=18038"}],"wp:term":[{"taxonomy":"product_cat","embeddable":true,"href":"https:\/\/artisansduvitrail.com\/fr\/wp-json\/wp\/v2\/product_cat?post=18038"},{"taxonomy":"product_tag","embeddable":true,"href":"https:\/\/artisansduvitrail.com\/fr\/wp-json\/wp\/v2\/product_tag?post=18038"}],"curies":[{"name":"wp","href":"https:\/\/api.w.org\/{rel}","templated":true}]}}