{"id":17804,"date":"2017-08-25T17:43:58","date_gmt":"2017-08-25T17:43:58","guid":{"rendered":"https:\/\/artisansduvitrail.com\/shop\/pw-702llm-fr"},"modified":"2026-01-22T12:50:40","modified_gmt":"2026-01-22T17:50:40","slug":"pw-702llm","status":"publish","type":"product","link":"https:\/\/artisansduvitrail.com\/fr\/shop\/pw-702llm\/","title":{"rendered":"PW 702LLM"},"content":{"rendered":"<p>Vert moyen et bleu fonc\u00e9 marbr\u00e9 cath\u00e9drale mystique<\/p>\n","protected":false},"excerpt":{"rendered":"<p>Vert moyen et bleu fonc\u00e9 marbr\u00e9, cath\u00e9drale, mystique<\/p>\n","protected":false},"featured_media":49923,"template":"","meta":[],"product_cat":[1435,1412,1438,352,282],"product_tag":[],"acf":[],"_links":{"self":[{"href":"https:\/\/artisansduvitrail.com\/fr\/wp-json\/wp\/v2\/product\/17804"}],"collection":[{"href":"https:\/\/artisansduvitrail.com\/fr\/wp-json\/wp\/v2\/product"}],"about":[{"href":"https:\/\/artisansduvitrail.com\/fr\/wp-json\/wp\/v2\/types\/product"}],"wp:featuredmedia":[{"embeddable":true,"href":"https:\/\/artisansduvitrail.com\/fr\/wp-json\/wp\/v2\/media\/49923"}],"wp:attachment":[{"href":"https:\/\/artisansduvitrail.com\/fr\/wp-json\/wp\/v2\/media?parent=17804"}],"wp:term":[{"taxonomy":"product_cat","embeddable":true,"href":"https:\/\/artisansduvitrail.com\/fr\/wp-json\/wp\/v2\/product_cat?post=17804"},{"taxonomy":"product_tag","embeddable":true,"href":"https:\/\/artisansduvitrail.com\/fr\/wp-json\/wp\/v2\/product_tag?post=17804"}],"curies":[{"name":"wp","href":"https:\/\/api.w.org\/{rel}","templated":true}]}}