{"id":16142,"date":"2017-08-25T17:43:58","date_gmt":"2017-08-25T17:43:58","guid":{"rendered":"https:\/\/artisansduvitrail.com\/shop\/mf-668-fr"},"modified":"2025-09-24T10:56:26","modified_gmt":"2025-09-24T14:56:26","slug":"art-stand-rond","status":"publish","type":"product","link":"https:\/\/artisansduvitrail.com\/fr\/shop\/art-stand-rond\/","title":{"rendered":"Art Stand Rond"},"content":{"rendered":"<p>16\u2033 diam. (406mm) . Pr\u00e9sentoire en fer solide. Fini noir. Id\u00e9al pour pr\u00e9senter vos pi\u00e8ces vitrail ou en fusion. \u00c9paisseur accept\u00e9 de votre projet jusqu\u2019\u00e0 3\/8\u201d (9.5mm)<\/p>\n","protected":false},"excerpt":{"rendered":"<p>Support en fer<\/p>\n","protected":false},"featured_media":49358,"template":"","meta":[],"product_cat":[308,893,952],"product_tag":[],"acf":[],"_links":{"self":[{"href":"https:\/\/artisansduvitrail.com\/fr\/wp-json\/wp\/v2\/product\/16142"}],"collection":[{"href":"https:\/\/artisansduvitrail.com\/fr\/wp-json\/wp\/v2\/product"}],"about":[{"href":"https:\/\/artisansduvitrail.com\/fr\/wp-json\/wp\/v2\/types\/product"}],"wp:featuredmedia":[{"embeddable":true,"href":"https:\/\/artisansduvitrail.com\/fr\/wp-json\/wp\/v2\/media\/49358"}],"wp:attachment":[{"href":"https:\/\/artisansduvitrail.com\/fr\/wp-json\/wp\/v2\/media?parent=16142"}],"wp:term":[{"taxonomy":"product_cat","embeddable":true,"href":"https:\/\/artisansduvitrail.com\/fr\/wp-json\/wp\/v2\/product_cat?post=16142"},{"taxonomy":"product_tag","embeddable":true,"href":"https:\/\/artisansduvitrail.com\/fr\/wp-json\/wp\/v2\/product_tag?post=16142"}],"curies":[{"name":"wp","href":"https:\/\/api.w.org\/{rel}","templated":true}]}}