{"id":15834,"date":"2017-08-25T17:43:58","date_gmt":"2017-08-25T17:43:58","guid":{"rendered":"https:\/\/artisansduvitrail.com\/shop\/CIMENT-fr"},"modified":"2025-01-25T23:32:00","modified_gmt":"2025-01-26T04:32:00","slug":"ciment","status":"publish","type":"product","link":"https:\/\/artisansduvitrail.com\/fr\/shop\/ciment\/","title":{"rendered":"CIMENT"},"content":{"rendered":"<p>Ciment en poudre r\u00e9fractaire pour r\u00e9paration de four 1 lb. Juste \u00e0 le m\u00e9langer avec de l&#8217;eau\u00a0 pour avoir une belle texture. Ne pas mettre trop d&#8217;eau. R\u00e9siste \u00e0 2200\u00b0.<\/p>\n","protected":false},"excerpt":{"rendered":"<p>Ciment en poudre r\u00e9fractaire pour r\u00e9paration de four 1 lb. Juste \u00e0 le m\u00e9langer avec de l&#8217;eau\u00a0 pour avoir une belle texture. Ne pas mettre trop d&#8217;eau. R\u00e9siste \u00e0 2200\u00b0.<\/p>\n","protected":false},"featured_media":6412,"template":"","meta":[],"product_cat":[265],"product_tag":[],"acf":[],"_links":{"self":[{"href":"https:\/\/artisansduvitrail.com\/fr\/wp-json\/wp\/v2\/product\/15834"}],"collection":[{"href":"https:\/\/artisansduvitrail.com\/fr\/wp-json\/wp\/v2\/product"}],"about":[{"href":"https:\/\/artisansduvitrail.com\/fr\/wp-json\/wp\/v2\/types\/product"}],"wp:featuredmedia":[{"embeddable":true,"href":"https:\/\/artisansduvitrail.com\/fr\/wp-json\/wp\/v2\/media\/6412"}],"wp:attachment":[{"href":"https:\/\/artisansduvitrail.com\/fr\/wp-json\/wp\/v2\/media?parent=15834"}],"wp:term":[{"taxonomy":"product_cat","embeddable":true,"href":"https:\/\/artisansduvitrail.com\/fr\/wp-json\/wp\/v2\/product_cat?post=15834"},{"taxonomy":"product_tag","embeddable":true,"href":"https:\/\/artisansduvitrail.com\/fr\/wp-json\/wp\/v2\/product_tag?post=15834"}],"curies":[{"name":"wp","href":"https:\/\/api.w.org\/{rel}","templated":true}]}}