{"id":14948,"date":"2017-08-25T17:43:58","date_gmt":"2017-08-25T17:43:58","guid":{"rendered":"https:\/\/artisansduvitrail.com\/shop\/pa-1382-fr"},"modified":"2023-12-12T20:04:06","modified_gmt":"2023-12-13T01:04:06","slug":"pa-1382","status":"publish","type":"product","link":"https:\/\/artisansduvitrail.com\/fr\/shop\/pa-1382\/","title":{"rendered":"PA 1382"},"content":{"rendered":"<p>Peinture Reusche Orange d&#8217;Argent<\/p>\n<p>Transparent, variation entre le jaune et ambre riche. Les r\u00e9sultats peuvent varier d\u00e9pendamment de votre application et du degr\u00e9 de votre cuisson.<\/p>\n<p>Temp\u00e9rature de cuisson: 1050-1080\u00b0F<\/p>\n","protected":false},"excerpt":{"rendered":"<p>Peinture Reusche Orange d&#8217;Argent 1050-1080<\/p>\n","protected":false},"featured_media":48285,"template":"","meta":[],"product_cat":[347],"product_tag":[],"acf":[],"_links":{"self":[{"href":"https:\/\/artisansduvitrail.com\/fr\/wp-json\/wp\/v2\/product\/14948"}],"collection":[{"href":"https:\/\/artisansduvitrail.com\/fr\/wp-json\/wp\/v2\/product"}],"about":[{"href":"https:\/\/artisansduvitrail.com\/fr\/wp-json\/wp\/v2\/types\/product"}],"wp:featuredmedia":[{"embeddable":true,"href":"https:\/\/artisansduvitrail.com\/fr\/wp-json\/wp\/v2\/media\/48285"}],"wp:attachment":[{"href":"https:\/\/artisansduvitrail.com\/fr\/wp-json\/wp\/v2\/media?parent=14948"}],"wp:term":[{"taxonomy":"product_cat","embeddable":true,"href":"https:\/\/artisansduvitrail.com\/fr\/wp-json\/wp\/v2\/product_cat?post=14948"},{"taxonomy":"product_tag","embeddable":true,"href":"https:\/\/artisansduvitrail.com\/fr\/wp-json\/wp\/v2\/product_tag?post=14948"}],"curies":[{"name":"wp","href":"https:\/\/api.w.org\/{rel}","templated":true}]}}