{"id":14112,"date":"2017-08-25T17:43:58","date_gmt":"2017-08-25T17:43:58","guid":{"rendered":"https:\/\/artisansduvitrail.com\/shop\/ba-773-100-fr"},"modified":"2018-02-11T12:35:06","modified_gmt":"2018-02-11T17:35:06","slug":"beliere-decorative","status":"publish","type":"product","link":"https:\/\/artisansduvitrail.com\/fr\/shop\/beliere-decorative\/","title":{"rendered":"Beli\u00e8re D\u00e9corative"},"content":{"rendered":"<p>Balli\u00e8re D\u00e9corative<\/p>\n<p>Argent Antique.<\/p>\n<p>43mm. x 16mm.<\/p>\n","protected":false},"excerpt":{"rendered":"<p>Balli\u00e8re D\u00e9corative Argent Antique. 43mm. x 16mm.<\/p>\n","protected":false},"featured_media":6794,"template":"","meta":[],"product_cat":[334],"product_tag":[],"acf":[],"_links":{"self":[{"href":"https:\/\/artisansduvitrail.com\/fr\/wp-json\/wp\/v2\/product\/14112"}],"collection":[{"href":"https:\/\/artisansduvitrail.com\/fr\/wp-json\/wp\/v2\/product"}],"about":[{"href":"https:\/\/artisansduvitrail.com\/fr\/wp-json\/wp\/v2\/types\/product"}],"wp:featuredmedia":[{"embeddable":true,"href":"https:\/\/artisansduvitrail.com\/fr\/wp-json\/wp\/v2\/media\/6794"}],"wp:attachment":[{"href":"https:\/\/artisansduvitrail.com\/fr\/wp-json\/wp\/v2\/media?parent=14112"}],"wp:term":[{"taxonomy":"product_cat","embeddable":true,"href":"https:\/\/artisansduvitrail.com\/fr\/wp-json\/wp\/v2\/product_cat?post=14112"},{"taxonomy":"product_tag","embeddable":true,"href":"https:\/\/artisansduvitrail.com\/fr\/wp-json\/wp\/v2\/product_tag?post=14112"}],"curies":[{"name":"wp","href":"https:\/\/api.w.org\/{rel}","templated":true}]}}