{"id":13786,"date":"2017-08-25T17:43:58","date_gmt":"2017-08-25T17:43:58","guid":{"rendered":"https:\/\/artisansduvitrail.com\/shop\/ts-400-fr"},"modified":"2023-01-29T10:31:42","modified_gmt":"2023-01-29T15:31:42","slug":"ts-400","status":"publish","type":"product","link":"https:\/\/artisansduvitrail.com\/fr\/shop\/ts-400\/","title":{"rendered":"TS 400"},"content":{"rendered":"<p>Rouleau de Mactac\u00a0 \u00a0Clair 18\u00a8 X 53\u00a8.<\/p>\n<p>Dessinez vos patrons sur cette p\u00e9lliculle transparente.<\/p>\n<p>Vous n&#8217;avez qu&#8217;\u00e0\u00a0 coller la p\u00e9llicule sur vos pieces de verre pour couper vos p\u00e8ces et les meuler de mani\u00e8re tr\u00e8s pr\u00e9cise. Dessinez vos patrons sur cette p\u00e9lliculle transparente.<\/p>\n","protected":false},"excerpt":{"rendered":"<p>Rouleau de Mactac auto-collant<\/p>\n","protected":false},"featured_media":51694,"template":"","meta":[],"product_cat":[304,471],"product_tag":[],"acf":[],"_links":{"self":[{"href":"https:\/\/artisansduvitrail.com\/fr\/wp-json\/wp\/v2\/product\/13786"}],"collection":[{"href":"https:\/\/artisansduvitrail.com\/fr\/wp-json\/wp\/v2\/product"}],"about":[{"href":"https:\/\/artisansduvitrail.com\/fr\/wp-json\/wp\/v2\/types\/product"}],"wp:featuredmedia":[{"embeddable":true,"href":"https:\/\/artisansduvitrail.com\/fr\/wp-json\/wp\/v2\/media\/51694"}],"wp:attachment":[{"href":"https:\/\/artisansduvitrail.com\/fr\/wp-json\/wp\/v2\/media?parent=13786"}],"wp:term":[{"taxonomy":"product_cat","embeddable":true,"href":"https:\/\/artisansduvitrail.com\/fr\/wp-json\/wp\/v2\/product_cat?post=13786"},{"taxonomy":"product_tag","embeddable":true,"href":"https:\/\/artisansduvitrail.com\/fr\/wp-json\/wp\/v2\/product_tag?post=13786"}],"curies":[{"name":"wp","href":"https:\/\/api.w.org\/{rel}","templated":true}]}}