{"id":13666,"date":"2017-08-25T17:43:58","date_gmt":"2017-08-25T17:43:58","guid":{"rendered":"https:\/\/artisansduvitrail.com\/shop\/so-3l-fr"},"modified":"2018-04-10T06:47:50","modified_gmt":"2018-04-10T10:47:50","slug":"so-3l","status":"publish","type":"product","link":"https:\/\/artisansduvitrail.com\/fr\/shop\/so-3l\/","title":{"rendered":"SO 3L"},"content":{"rendered":"<p>\u00e9clairage \u00e0 3 douilles pour plafonier<\/p>\n","protected":false},"excerpt":{"rendered":"<p>syst\u00e8me \u00e9clairage \u00e0 3 douilles<\/p>\n","protected":false},"featured_media":26135,"template":"","meta":[],"product_cat":[309],"product_tag":[],"acf":[],"_links":{"self":[{"href":"https:\/\/artisansduvitrail.com\/fr\/wp-json\/wp\/v2\/product\/13666"}],"collection":[{"href":"https:\/\/artisansduvitrail.com\/fr\/wp-json\/wp\/v2\/product"}],"about":[{"href":"https:\/\/artisansduvitrail.com\/fr\/wp-json\/wp\/v2\/types\/product"}],"wp:featuredmedia":[{"embeddable":true,"href":"https:\/\/artisansduvitrail.com\/fr\/wp-json\/wp\/v2\/media\/26135"}],"wp:attachment":[{"href":"https:\/\/artisansduvitrail.com\/fr\/wp-json\/wp\/v2\/media?parent=13666"}],"wp:term":[{"taxonomy":"product_cat","embeddable":true,"href":"https:\/\/artisansduvitrail.com\/fr\/wp-json\/wp\/v2\/product_cat?post=13666"},{"taxonomy":"product_tag","embeddable":true,"href":"https:\/\/artisansduvitrail.com\/fr\/wp-json\/wp\/v2\/product_tag?post=13666"}],"curies":[{"name":"wp","href":"https:\/\/api.w.org\/{rel}","templated":true}]}}