{"id":37477,"date":"2022-09-08T14:58:20","date_gmt":"2022-09-08T18:58:20","guid":{"rendered":"https:\/\/artisansduvitrail.com\/?page_id=37477"},"modified":"2026-02-06T13:46:45","modified_gmt":"2026-02-06T18:46:45","slug":"expedition","status":"publish","type":"page","link":"https:\/\/artisansduvitrail.com\/fr\/expedition\/","title":{"rendered":"Exp\u00e9dition"},"content":{"rendered":"<h3>EXP\u00c9DITION<\/h3>\n<p>Commande minimal de 30$ avant taxes. Les commandes en dessous de 30$ seront automatiquement cancell\u00e9es.<\/p>\n<p>Le meilleur prix possible pour les frais de transport sera calcul\u00e9 et ajout\u00e9 lors de la pr\u00e9paration de votre commande. Nous comparons toujours les tarifs d\u2019exp\u00e9dition de plusieurs compagnies, pour vous offrir le prix le moins cher. Les frais d&#8217;exp\u00e9dition minimum pour une bo\u00eete de verre sont de 19.95$. Les frais d&#8217;exp\u00e9dition minimum pour les petits envois (aucun verre) sont de 14.95$. Le prix varie en fonction de votre localisation, du format de boite et du poids. Il n&#8217;y a pas de frais d&#8217;emballages ou d&#8217;autres frais suppl\u00e9mentaires. Vous trouverez les tarifs minimums d\u2019exp\u00e9dition lors de la finalisation de votre commande. Nous exp\u00e9dions des boites de maximum 30 morceaux de 1 pied carr\u00e9 ou de 14 morceaux grand format. Afin de minimiser les risques de bris lors de l&#8217;exp\u00e9dition, nous vous recommandons de commander un minimum de 5 morceaux de verre. Nous exp\u00e9dions partout!<\/p>\n<p>C&#8217;est votre 1ere commande avec nous et vous aimeriez connaitre vos frais d&#8217;exp\u00e9dition? Indiquez le dans la section NOTE de votre commande, nous vous contacterons avant de pr\u00e9parer\/facturer votre commande.<\/p>\n<p>Le prix du verre est toujours au pied carr\u00e9, \u00e0 moins qu\u2019une dimension sp\u00e9cifique soit indiqu\u00e9e. Les dimensions de nos pied carr\u00e9 varie d\u2019un fabriquant \u00e0 l\u2019autre et de notre inventaire. Lorsque nous pr\u00e9parerons votre commande, il se peut que votre quantit\u00e9 command\u00e9e soit l\u00e9g\u00e8rement ajust\u00e9e (\u00e0 la hausse ou \u00e0 la baisse) en fonction de la disponibilit\u00e9.<\/p>\n<p>Nous traitons les commandes du lundi au vendredi. Veillez nous accordez 2-3 jours pour la pr\u00e9paration de celle-ci. Vous recevrez ensuite un courriel avec votre num\u00e9ro de suivi.<\/p>\n<p>Si vous avez un probl\u00e8me quelconque avec votre commande (bris, erreur, etc), svp communiqu\u00e9 avec nous \u00e0 l\u2019adresse suivante\u00a0: <a href=\"mailto:info@artisansduvitrail.com\">info@artisansduvitrail.com<\/a> Ne t\u00e9l\u00e9phoner pas \u00e0 notre boutique, puisque nos conseillers\/\u00e8res n\u2019ont pas les informations n\u00e9cessaires pour vous aider.<\/p>\n<p>Nous portons toujours une attention particuli\u00e8re lors de l\u2019emballage, mais il se peut qu\u2019il y ait des bris lors de l\u2019exp\u00e9dition pour des raisons hors de notre contr\u00f4le. Le verre n\u2019est pas assurable par aucuns transporteurs et aucunes r\u00e9clamation n\u2019est possible.<\/p>\n<h3><strong>AUTRES DIMENSIONS<\/strong><\/h3>\n<p>Nous exp\u00e9dions maintenant le verre en plus grand format. Voici les autres grandeurs disponibles selon les diff\u00e9rents fabricants\u00a0:<\/p>\n<p>ColorArt (CA): 15\u2019\u2019x19\u2019\u2019<\/p>\n<p>Kokomo (KO): 16\u2019\u2019x21\u2019\u2019<\/p>\n<p>Spectrum (SP): 12\u2019\u2019 x 24\u2019\u2019<\/p>\n<p>Wissmach (PW): 14\u2019\u2019 x 21\u2019\u2019<\/p>\n<p><span style=\"font-size: 18pt;\"><strong>*** Nous devons exp\u00e9dier un minimum de 5 morceaux grands formats, pour solidifier votre envoi***<\/strong><\/span><\/p>\n<p>Pour commander les verres en grand format, simplement indiqu\u00e9 dans la section NOTE de votre commande le num\u00e9ro d\u2019item que vous voulez en grand format et le nombre de morceau que vous d\u00e9sirez. Si vous s\u00e9lectionner des items qui ont d\u00e9j\u00e0 l&#8217;option grand format, ce n&#8217;est pas n\u00e9cessaire de l&#8217;indiquer, nous le ferons automatiquement.<\/p>\n<p><strong>Des frais de 15$ de manutention suppl\u00e9mentaires seront ajout\u00e9s \u00e0 votre facture.<\/strong><\/p>\n<h3><strong>RETOURS<\/strong><\/h3>\n<p>Nous acceptons les retours sur la marchandise dans leur condition originale. Les frais d\u2019exp\u00e9dition pour les retours sont \u00e0 vos frais. Des frais de 20% de retour serons charg\u00e9. Nous acceptons les retours en magasin. ***Aucun retours ou \u00e9change pour les verres, les livres, les produits chimiques et les m\u00e9taux***<\/p>\n","protected":false},"excerpt":{"rendered":"<p>EXP\u00c9DITION Commande minimal de 30$ avant taxes. Les commandes en dessous de 30$ seront automatiquement cancell\u00e9es. Le meilleur prix possible pour les frais de transport sera calcul\u00e9 et ajout\u00e9 lors de la pr\u00e9paration de votre commande. Nous comparons toujours les tarifs d\u2019exp\u00e9dition de plusieurs compagnies, pour vous offrir le prix le moins cher. Les frais &hellip;<\/p>\n","protected":false},"author":2454,"featured_media":0,"parent":0,"menu_order":0,"comment_status":"closed","ping_status":"closed","template":"","meta":[],"acf":[],"_links":{"self":[{"href":"https:\/\/artisansduvitrail.com\/fr\/wp-json\/wp\/v2\/pages\/37477"}],"collection":[{"href":"https:\/\/artisansduvitrail.com\/fr\/wp-json\/wp\/v2\/pages"}],"about":[{"href":"https:\/\/artisansduvitrail.com\/fr\/wp-json\/wp\/v2\/types\/page"}],"author":[{"embeddable":true,"href":"https:\/\/artisansduvitrail.com\/fr\/wp-json\/wp\/v2\/users\/2454"}],"replies":[{"embeddable":true,"href":"https:\/\/artisansduvitrail.com\/fr\/wp-json\/wp\/v2\/comments?post=37477"}],"version-history":[{"count":3,"href":"https:\/\/artisansduvitrail.com\/fr\/wp-json\/wp\/v2\/pages\/37477\/revisions"}],"predecessor-version":[{"id":56046,"href":"https:\/\/artisansduvitrail.com\/fr\/wp-json\/wp\/v2\/pages\/37477\/revisions\/56046"}],"wp:attachment":[{"href":"https:\/\/artisansduvitrail.com\/fr\/wp-json\/wp\/v2\/media?parent=37477"}],"curies":[{"name":"wp","href":"https:\/\/api.w.org\/{rel}","templated":true}]}}