{"id":2156,"date":"2017-09-18T12:56:04","date_gmt":"2017-09-18T16:56:04","guid":{"rendered":"https:\/\/artisansduvitrail.com\/?page_id=2156"},"modified":"2024-01-23T10:02:19","modified_gmt":"2024-01-23T15:02:19","slug":"entrepot","status":"publish","type":"page","link":"https:\/\/artisansduvitrail.com\/fr\/entrepot\/","title":{"rendered":"Entrep\u00f4t"},"content":{"rendered":"<p>&nbsp; &nbsp; Vente en Gros (wholesale) L&#8217;Entrep\u00f4t Canadien du Vitrail, division des Artisans du Vitrail, vous offres l&#8217;opportunit\u00e9 de vous procurer, en tant que grossiste-importateur, tout ce dont vous avez besoin pour la fabrication de vos projets de vitra <a href=\"https:\/\/artisansduvitrail.com\/fr\/entrepot\/\" title=\"Read more on Entrep\u00f4t\" class=\"more-link\">read more<\/a><\/p>\n","protected":false},"excerpt":{"rendered":"<p>&nbsp; &nbsp; Vente en Gros (wholesale) L&#8217;Entrep\u00f4t Canadien du Vitrail, division des Artisans du Vitrail, vous offres l&#8217;opportunit\u00e9 de vous procurer, en tant que grossiste-importateur, tout ce dont vous avez besoin pour la fabrication de vos projets de vitra read more<\/p>\n","protected":false},"author":10,"featured_media":0,"parent":0,"menu_order":0,"comment_status":"closed","ping_status":"closed","template":"","meta":[],"acf":[],"_links":{"self":[{"href":"https:\/\/artisansduvitrail.com\/fr\/wp-json\/wp\/v2\/pages\/2156"}],"collection":[{"href":"https:\/\/artisansduvitrail.com\/fr\/wp-json\/wp\/v2\/pages"}],"about":[{"href":"https:\/\/artisansduvitrail.com\/fr\/wp-json\/wp\/v2\/types\/page"}],"author":[{"embeddable":true,"href":"https:\/\/artisansduvitrail.com\/fr\/wp-json\/wp\/v2\/users\/10"}],"replies":[{"embeddable":true,"href":"https:\/\/artisansduvitrail.com\/fr\/wp-json\/wp\/v2\/comments?post=2156"}],"version-history":[{"count":0,"href":"https:\/\/artisansduvitrail.com\/fr\/wp-json\/wp\/v2\/pages\/2156\/revisions"}],"wp:attachment":[{"href":"https:\/\/artisansduvitrail.com\/fr\/wp-json\/wp\/v2\/media?parent=2156"}],"curies":[{"name":"wp","href":"https:\/\/api.w.org\/{rel}","templated":true}]}}