{"id":2137,"date":"2017-09-18T12:51:16","date_gmt":"2017-09-18T16:51:16","guid":{"rendered":"https:\/\/artisansduvitrail.com\/?page_id=2137"},"modified":"2025-10-15T11:53:28","modified_gmt":"2025-10-15T15:53:28","slug":"contact","status":"publish","type":"page","link":"https:\/\/artisansduvitrail.com\/fr\/contact\/","title":{"rendered":"Contact"},"content":{"rendered":"<p>(Pour la vente en gros uniquement) 260, 3i\u00e8me Avenue Qu\u00e9bec, Qu\u00e9bec, Canada G1L 2V6 T\u00e9l\u00e9phone: (418) 780-1532 Heures d&#8217;ouverture Sur rendez-vous seulement Nous contacter \u00e0: wholesale@artisansduvitrail.com &nbsp; &nbsp; 1017, 3i\u00e8me Avenue Qu\u00e9bec, Qu\u00e9bec, Canada G1L <a href=\"https:\/\/artisansduvitrail.com\/fr\/contact\/\" title=\"Read more on Contact\" class=\"more-link\">read more<\/a><\/p>\n","protected":false},"excerpt":{"rendered":"<p>(Pour la vente en gros uniquement) 260, 3i\u00e8me Avenue Qu\u00e9bec, Qu\u00e9bec, Canada G1L 2V6 T\u00e9l\u00e9phone: (418) 780-1532 Heures d&#8217;ouverture Sur rendez-vous seulement Nous contacter \u00e0: wholesale@artisansduvitrail.com &nbsp; &nbsp; 1017, 3i\u00e8me Avenue Qu\u00e9bec, Qu\u00e9bec, Canada G1L read more<\/p>\n","protected":false},"author":10,"featured_media":0,"parent":0,"menu_order":0,"comment_status":"closed","ping_status":"closed","template":"","meta":[],"acf":[],"_links":{"self":[{"href":"https:\/\/artisansduvitrail.com\/fr\/wp-json\/wp\/v2\/pages\/2137"}],"collection":[{"href":"https:\/\/artisansduvitrail.com\/fr\/wp-json\/wp\/v2\/pages"}],"about":[{"href":"https:\/\/artisansduvitrail.com\/fr\/wp-json\/wp\/v2\/types\/page"}],"author":[{"embeddable":true,"href":"https:\/\/artisansduvitrail.com\/fr\/wp-json\/wp\/v2\/users\/10"}],"replies":[{"embeddable":true,"href":"https:\/\/artisansduvitrail.com\/fr\/wp-json\/wp\/v2\/comments?post=2137"}],"version-history":[{"count":5,"href":"https:\/\/artisansduvitrail.com\/fr\/wp-json\/wp\/v2\/pages\/2137\/revisions"}],"predecessor-version":[{"id":54437,"href":"https:\/\/artisansduvitrail.com\/fr\/wp-json\/wp\/v2\/pages\/2137\/revisions\/54437"}],"wp:attachment":[{"href":"https:\/\/artisansduvitrail.com\/fr\/wp-json\/wp\/v2\/media?parent=2137"}],"curies":[{"name":"wp","href":"https:\/\/api.w.org\/{rel}","templated":true}]}}