{"id":2133,"date":"2017-09-18T12:46:11","date_gmt":"2017-09-18T16:46:11","guid":{"rendered":"https:\/\/artisansduvitrail.com\/?page_id=2133"},"modified":"2017-09-18T13:53:28","modified_gmt":"2017-09-18T17:53:28","slug":"qui-sommes-nous","status":"publish","type":"page","link":"https:\/\/artisansduvitrail.com\/fr\/qui-sommes-nous\/","title":{"rendered":"Qui sommes-nous"},"content":{"rendered":"<p>&nbsp; Historique Fond\u00e9s par Pierre Pouliot et Jocelyne V\u00e9zina, Les Artisans du Vitrail ont ouvert leurs portes au public en 1984 sans savoir que l&#8217;engouement pour cet art oubli\u00e9 serait si appr\u00e9ci\u00e9. D\u00e9cid\u00e9s et convaincus de faire red\u00e9couvrir l&#8217;art du vitrail <a href=\"https:\/\/artisansduvitrail.com\/fr\/qui-sommes-nous\/\" title=\"Read more on Qui sommes-nous\" class=\"more-link\">read more<\/a><\/p>\n","protected":false},"excerpt":{"rendered":"<p>&nbsp; Historique Fond\u00e9s par Pierre Pouliot et Jocelyne V\u00e9zina, Les Artisans du Vitrail ont ouvert leurs portes au public en 1984 sans savoir que l&#8217;engouement pour cet art oubli\u00e9 serait si appr\u00e9ci\u00e9. D\u00e9cid\u00e9s et convaincus de faire red\u00e9couvrir l&#8217;art du vitrail read more<\/p>\n","protected":false},"author":10,"featured_media":0,"parent":0,"menu_order":0,"comment_status":"closed","ping_status":"closed","template":"","meta":[],"acf":[],"_links":{"self":[{"href":"https:\/\/artisansduvitrail.com\/fr\/wp-json\/wp\/v2\/pages\/2133"}],"collection":[{"href":"https:\/\/artisansduvitrail.com\/fr\/wp-json\/wp\/v2\/pages"}],"about":[{"href":"https:\/\/artisansduvitrail.com\/fr\/wp-json\/wp\/v2\/types\/page"}],"author":[{"embeddable":true,"href":"https:\/\/artisansduvitrail.com\/fr\/wp-json\/wp\/v2\/users\/10"}],"replies":[{"embeddable":true,"href":"https:\/\/artisansduvitrail.com\/fr\/wp-json\/wp\/v2\/comments?post=2133"}],"version-history":[{"count":0,"href":"https:\/\/artisansduvitrail.com\/fr\/wp-json\/wp\/v2\/pages\/2133\/revisions"}],"wp:attachment":[{"href":"https:\/\/artisansduvitrail.com\/fr\/wp-json\/wp\/v2\/media?parent=2133"}],"curies":[{"name":"wp","href":"https:\/\/api.w.org\/{rel}","templated":true}]}}